{"id":7076,"date":"2025-08-05T13:47:07","date_gmt":"2025-08-05T13:47:07","guid":{"rendered":"https:\/\/gridamokykloms.lt\/produktas\/rinkinys-student\/"},"modified":"2025-08-05T13:47:07","modified_gmt":"2025-08-05T13:47:07","slug":"rinkinys-student","status":"publish","type":"product","link":"https:\/\/gridamokykloms.lt\/en\/produktas\/rinkinys-student\/","title":{"rendered":"Rinkinys &#8220;Student&#8221;"},"content":{"rendered":"<p>Inovatyvus rinkinys \u201eStudent\u201c yra skirtas tiesiogiai pradini\u0173 ir vidurini\u0173 mokykl\u0173 mokiniams, tiek chemijos laboratorijoje, tiek klas\u0117je, tiek kaip pramogin\u0117 mokymosi priemon\u0117 popamokin\u0117ms veikloms. \u0160io rinkinio tikslas \u2013 supa\u017eindinti vaikus su gamtos mokslais i\u0161 kitokio po\u017ei\u016brio ta\u0161ko ir pad\u0117ti jiems suprasti \u0161i\u0105 tem\u0105 pasitelkiant pramoginius spalv\u0173 ir \u0161viesos eksperimentus, paliekant nuostab\u0173 praktin\u012f \u012fsp\u016bd\u012f.<\/p>\n","protected":false},"excerpt":{"rendered":"<p>Saug\u016bs, \u012fdom\u016bs \u0161vyt\u0117jimo ir fotochemijos eksperimentai.<\/p>\n","protected":false},"featured_media":7077,"comment_status":"open","ping_status":"closed","template":"","meta":{"_acf_changed":false},"product_brand":[],"product_cat":[284],"product_tag":[],"class_list":{"0":"post-7076","1":"product","2":"type-product","3":"status-publish","4":"has-post-thumbnail","6":"product_cat-eksperimentu-rinkiniai","8":"first","9":"instock","10":"taxable","11":"shipping-taxable","12":"purchasable","13":"product-type-simple"},"acf":[],"_links":{"self":[{"href":"https:\/\/gridamokykloms.lt\/en\/wp-json\/wp\/v2\/product\/7076","targetHints":{"allow":["GET"]}}],"collection":[{"href":"https:\/\/gridamokykloms.lt\/en\/wp-json\/wp\/v2\/product"}],"about":[{"href":"https:\/\/gridamokykloms.lt\/en\/wp-json\/wp\/v2\/types\/product"}],"replies":[{"embeddable":true,"href":"https:\/\/gridamokykloms.lt\/en\/wp-json\/wp\/v2\/comments?post=7076"}],"wp:featuredmedia":[{"embeddable":true,"href":"https:\/\/gridamokykloms.lt\/en\/wp-json\/wp\/v2\/media\/7077"}],"wp:attachment":[{"href":"https:\/\/gridamokykloms.lt\/en\/wp-json\/wp\/v2\/media?parent=7076"}],"wp:term":[{"taxonomy":"product_brand","embeddable":true,"href":"https:\/\/gridamokykloms.lt\/en\/wp-json\/wp\/v2\/product_brand?post=7076"},{"taxonomy":"product_cat","embeddable":true,"href":"https:\/\/gridamokykloms.lt\/en\/wp-json\/wp\/v2\/product_cat?post=7076"},{"taxonomy":"product_tag","embeddable":true,"href":"https:\/\/gridamokykloms.lt\/en\/wp-json\/wp\/v2\/product_tag?post=7076"}],"curies":[{"name":"wp","href":"https:\/\/api.w.org\/{rel}","templated":true}]}}