{"id":7078,"date":"2025-08-05T13:47:07","date_gmt":"2025-08-05T13:47:07","guid":{"rendered":"https:\/\/gridamokykloms.lt\/produktas\/rinkinys-standard\/"},"modified":"2025-08-05T13:47:07","modified_gmt":"2025-08-05T13:47:07","slug":"rinkinys-standard","status":"publish","type":"product","link":"https:\/\/gridamokykloms.lt\/en\/produktas\/rinkinys-standard\/","title":{"rendered":"Rinkinys &#8220;Standard&#8221;"},"content":{"rendered":"<p>Komplektas \u201eStandard\u201c yra vidutin\u0117s talpos rinkinys, kuris praple\u010dia komplekto \u201eStudent\u201c eksperiment\u0173 asortiment\u0105 tiek eksperiment\u0173 pasirinkimo, tiek j\u0173 talpos at\u017evilgiu.<\/p>\n","protected":false},"excerpt":{"rendered":"<p>Saug\u016bs, \u012fdom\u016bs \u0161vyt\u0117jimo ir fotochemijos eksperimentai. \u012etrauktos chemin\u0117s med\u017eiagos, skirtos gyviems, praktiniams bandymams.<\/p>\n","protected":false},"featured_media":7079,"comment_status":"open","ping_status":"closed","template":"","meta":{"_acf_changed":false},"product_brand":[],"product_cat":[284],"product_tag":[],"class_list":{"0":"post-7078","1":"product","2":"type-product","3":"status-publish","4":"has-post-thumbnail","6":"product_cat-eksperimentu-rinkiniai","8":"first","9":"instock","10":"taxable","11":"shipping-taxable","12":"purchasable","13":"product-type-simple"},"acf":[],"_links":{"self":[{"href":"https:\/\/gridamokykloms.lt\/en\/wp-json\/wp\/v2\/product\/7078","targetHints":{"allow":["GET"]}}],"collection":[{"href":"https:\/\/gridamokykloms.lt\/en\/wp-json\/wp\/v2\/product"}],"about":[{"href":"https:\/\/gridamokykloms.lt\/en\/wp-json\/wp\/v2\/types\/product"}],"replies":[{"embeddable":true,"href":"https:\/\/gridamokykloms.lt\/en\/wp-json\/wp\/v2\/comments?post=7078"}],"wp:featuredmedia":[{"embeddable":true,"href":"https:\/\/gridamokykloms.lt\/en\/wp-json\/wp\/v2\/media\/7079"}],"wp:attachment":[{"href":"https:\/\/gridamokykloms.lt\/en\/wp-json\/wp\/v2\/media?parent=7078"}],"wp:term":[{"taxonomy":"product_brand","embeddable":true,"href":"https:\/\/gridamokykloms.lt\/en\/wp-json\/wp\/v2\/product_brand?post=7078"},{"taxonomy":"product_cat","embeddable":true,"href":"https:\/\/gridamokykloms.lt\/en\/wp-json\/wp\/v2\/product_cat?post=7078"},{"taxonomy":"product_tag","embeddable":true,"href":"https:\/\/gridamokykloms.lt\/en\/wp-json\/wp\/v2\/product_tag?post=7078"}],"curies":[{"name":"wp","href":"https:\/\/api.w.org\/{rel}","templated":true}]}}