{"id":7082,"date":"2025-08-05T13:47:07","date_gmt":"2025-08-05T13:47:07","guid":{"rendered":"https:\/\/gridamokykloms.lt\/produktas\/cobra-smartsense-itampos-jutiklis\/"},"modified":"2025-08-05T13:47:07","modified_gmt":"2025-08-05T13:47:07","slug":"cobra-smartsense-itampos-jutiklis","status":"publish","type":"product","link":"https:\/\/gridamokykloms.lt\/en\/produktas\/cobra-smartsense-itampos-jutiklis\/","title":{"rendered":"Cobra SMARTsense \u012ftampos jutiklis"},"content":{"rendered":"<p>Cobra SMARTsense \u012ftampos jutiklis leid\u017eia paprastai ir tiksliai matuoti elektrin\u0119 \u012ftamp\u0105 iki \u00b130 V \u2013 tiek nuolatin\u0119 (DC), tiek kintam\u0105j\u0105 (AC). Jis puikiai tinka eksperimentams nuo Omo d\u0117snio iki RLC rezonansini\u0173 grandini\u0173 tyrimo, tod\u0117l yra nepakei\u010diamas \u012frankis fizikos pamokose.<\/p>\n<p>D\u0117l 10 kHz da\u017enio ir 0,02 V skiriamosios gebos jutiklis u\u017etikrina itin tikslius matavimus. \u012erenginys jungiamas tiek per Bluetooth 5.4, tiek per USB-C jungt\u012f ir veikia su nemokama, apdovanojimus pelniusia &#8220;measureAPP&#8221; programine \u012franga, suderinama su \u201eiOS\u201c, \u201eAndroid\u201c, \u201eWindows\u201c ir \u201eLinux\u201c.<\/p>\n<p>Jutiklis pasi\u017eymi i\u0161mania energijos valdymo sistema \u2013 vienu \u012fkrovimu galima dirbti iki 50 pamok\u0173 valand\u0173. 4 mm jungtys suderinamos su \u012fprastais mokykliniais laid\u0173 rinkiniais.<\/p>\n<p>Techniniai duomenys:<\/p>\n<p>Skiriamoji geba: 0,02 V<br \/>\nImties da\u017enis: iki 10 000 matavim\u0173 per sekund\u0119 (per Bluetooth ir USB)<br \/>\nMaitinimas: \u012fkraunama baterija per USB-C<br \/>\nKomplekte: USB-A \u2013 USB-C \u012fkrovimo laidas<\/p>\n","protected":false},"excerpt":{"rendered":"<p>Skaitmeninis jutiklis \u012ftampos matavimui iki \u00b130 V, tinkamas tiek nuolatinei, tiek kintamajai srovei, veikiantis per Bluetooth arba USB.<\/p>\n","protected":false},"featured_media":7083,"comment_status":"open","ping_status":"closed","template":"","meta":{"_acf_changed":false},"product_brand":[304],"product_cat":[286],"product_tag":[],"class_list":{"0":"post-7082","1":"product","2":"type-product","3":"status-publish","4":"has-post-thumbnail","6":"product_brand-phywe","7":"product_cat-jutikliai","9":"first","10":"instock","11":"taxable","12":"shipping-taxable","13":"purchasable","14":"product-type-simple"},"acf":[],"_links":{"self":[{"href":"https:\/\/gridamokykloms.lt\/en\/wp-json\/wp\/v2\/product\/7082","targetHints":{"allow":["GET"]}}],"collection":[{"href":"https:\/\/gridamokykloms.lt\/en\/wp-json\/wp\/v2\/product"}],"about":[{"href":"https:\/\/gridamokykloms.lt\/en\/wp-json\/wp\/v2\/types\/product"}],"replies":[{"embeddable":true,"href":"https:\/\/gridamokykloms.lt\/en\/wp-json\/wp\/v2\/comments?post=7082"}],"wp:featuredmedia":[{"embeddable":true,"href":"https:\/\/gridamokykloms.lt\/en\/wp-json\/wp\/v2\/media\/7083"}],"wp:attachment":[{"href":"https:\/\/gridamokykloms.lt\/en\/wp-json\/wp\/v2\/media?parent=7082"}],"wp:term":[{"taxonomy":"product_brand","embeddable":true,"href":"https:\/\/gridamokykloms.lt\/en\/wp-json\/wp\/v2\/product_brand?post=7082"},{"taxonomy":"product_cat","embeddable":true,"href":"https:\/\/gridamokykloms.lt\/en\/wp-json\/wp\/v2\/product_cat?post=7082"},{"taxonomy":"product_tag","embeddable":true,"href":"https:\/\/gridamokykloms.lt\/en\/wp-json\/wp\/v2\/product_tag?post=7082"}],"curies":[{"name":"wp","href":"https:\/\/api.w.org\/{rel}","templated":true}]}}