{"id":7084,"date":"2025-08-05T13:47:07","date_gmt":"2025-08-05T13:47:07","guid":{"rendered":"https:\/\/gridamokykloms.lt\/produktas\/cobra-smartsense-sroves-jutiklis\/"},"modified":"2025-08-05T13:47:07","modified_gmt":"2025-08-05T13:47:07","slug":"cobra-smartsense-sroves-jutiklis","status":"publish","type":"product","link":"https:\/\/gridamokykloms.lt\/en\/produktas\/cobra-smartsense-sroves-jutiklis\/","title":{"rendered":"Cobra SMARTsense srov\u0117s jutiklis"},"content":{"rendered":"<p>Cobra SMARTsense srov\u0117s jutiklis yra sukurtas tiksliam elektros srov\u0117s matavimui iki \u00b11 A. Jis padeda prakti\u0161kai suprasti elektros grandini\u0173 principus bei s\u0105sajas tarp srov\u0117s, \u012ftampos ir var\u017eos.<\/p>\n<p>Jutiklis gali b\u016bti prijungiamas prie i\u0161maniojo \u012frenginio (telefono, plan\u0161et\u0117s ar kompiuterio) tiek belaid\u017eiu b\u016bdu (Bluetooth 5.4), tiek laidu (USB-C). Taip pat galimas ir nepriklausomas matavimas be \u012frenginio \u2013 duomenis galima \u012fra\u0161yti jutiklio vidin\u0117je atmintyje ir v\u0117liau perkelti. Matavimams naudojama \u201emeasureAPP\u201c program\u0117l\u0117 (iOS, Android, Windows), o i\u0161samesnei analizei \u2013 \u201emeasureLAB\u201c programin\u0117 \u012franga (Windows, macOS).<\/p>\n<p>Privalumai:<\/p>\n<p>Greitas paleidimas \u2013 jutiklis veikia vos prijungus prie Bluetooth \u012frenginio<br \/>\nTikslumas \u2013 iki 32 000 matavim\u0173 per sekund\u0119, 0,5 mA skiriamoji geba<br \/>\nTvirtas ir saugus \u2013 turi srov\u0117s vir\u0161ijimo apsaug\u0105 (1,1 A, automatinis atstatymas)<br \/>\nPlatus taikymas \u2013 gali b\u016bti naudojamas tiek su measureAPP, tiek su measureLAB programine \u012franga<br \/>\nLankstumas \u2013 palaiko iki 17 jutikli\u0173 vienu metu<\/p>\n<p>Techniniai duomenys:<\/p>\n<p>Skiriamoji geba: 0,5 mA<br \/>\nImties da\u017enis: iki 10 000 matavim\u0173 per sekund\u0119 (per Bluetooth ir USB)<br \/>\nMaitinimas: \u012fkraunama baterija (USB-C)<br \/>\nKomplekte: USB-A \u2013 USB-C \u012fkrovimo laidas<\/p>\n","protected":false},"excerpt":{"rendered":"<p>Skaitmeninis jutiklis elektros srov\u0117s matavimui iki \u00b11 A, veikiantis per Bluetooth ar USB.<\/p>\n","protected":false},"featured_media":7085,"comment_status":"open","ping_status":"closed","template":"","meta":{"_acf_changed":false},"product_brand":[304],"product_cat":[286],"product_tag":[],"class_list":{"0":"post-7084","1":"product","2":"type-product","3":"status-publish","4":"has-post-thumbnail","6":"product_brand-phywe","7":"product_cat-jutikliai","9":"first","10":"instock","11":"taxable","12":"shipping-taxable","13":"purchasable","14":"product-type-simple"},"acf":[],"_links":{"self":[{"href":"https:\/\/gridamokykloms.lt\/en\/wp-json\/wp\/v2\/product\/7084","targetHints":{"allow":["GET"]}}],"collection":[{"href":"https:\/\/gridamokykloms.lt\/en\/wp-json\/wp\/v2\/product"}],"about":[{"href":"https:\/\/gridamokykloms.lt\/en\/wp-json\/wp\/v2\/types\/product"}],"replies":[{"embeddable":true,"href":"https:\/\/gridamokykloms.lt\/en\/wp-json\/wp\/v2\/comments?post=7084"}],"wp:featuredmedia":[{"embeddable":true,"href":"https:\/\/gridamokykloms.lt\/en\/wp-json\/wp\/v2\/media\/7085"}],"wp:attachment":[{"href":"https:\/\/gridamokykloms.lt\/en\/wp-json\/wp\/v2\/media?parent=7084"}],"wp:term":[{"taxonomy":"product_brand","embeddable":true,"href":"https:\/\/gridamokykloms.lt\/en\/wp-json\/wp\/v2\/product_brand?post=7084"},{"taxonomy":"product_cat","embeddable":true,"href":"https:\/\/gridamokykloms.lt\/en\/wp-json\/wp\/v2\/product_cat?post=7084"},{"taxonomy":"product_tag","embeddable":true,"href":"https:\/\/gridamokykloms.lt\/en\/wp-json\/wp\/v2\/product_tag?post=7084"}],"curies":[{"name":"wp","href":"https:\/\/api.w.org\/{rel}","templated":true}]}}