{"id":7086,"date":"2025-08-05T13:47:07","date_gmt":"2025-08-05T13:47:07","guid":{"rendered":"https:\/\/gridamokykloms.lt\/produktas\/cobra-smartsense-dideles-sroves-jutiklis\/"},"modified":"2025-08-05T13:47:07","modified_gmt":"2025-08-05T13:47:07","slug":"cobra-smartsense-dideles-sroves-jutiklis","status":"publish","type":"product","link":"https:\/\/gridamokykloms.lt\/en\/produktas\/cobra-smartsense-dideles-sroves-jutiklis\/","title":{"rendered":"Cobra SMARTsense didel\u0117s srov\u0117s jutiklis"},"content":{"rendered":"<p>Cobra SMARTsense didel\u0117s srov\u0117s jutiklis leid\u017eia tiksliai matuoti stiprias elektros sroves iki \u00b110 A.<\/p>\n<p>Jutiklis jungiasi prie i\u0161maniojo \u012frenginio per Bluetooth 5.4 arba USB-C laid\u0105. Matavimus galima atlikti ir neprisijungus prie \u012frenginio \u2013 duomenys \u012fra\u0161omi jutiklio vidin\u0117je atmintyje ir v\u0117liau gali b\u016bti per\u017ei\u016br\u0117ti. Jutiklis suderinamas su nemokama \u201emeasureAPP\u201c (iOS, Android, Windows), o pa\u017eangesnei analizei \u2013 su \u201emeasureLAB\u201c (Windows, macOS).<\/p>\n<p>Privalumai:<\/p>\n<p>Paprastas naudojimas \u2013 jungiasi per Bluetooth arba USB be papildomo \u012frenginio<br \/>\nVeikia iki 50 val. vienu \u012fkrovimu<br \/>\nTikslus \u2013 skiriamoji geba 5 mA, imties da\u017enis iki 10 kHz<br \/>\nAtsparus \u2013 apsaugotas nuo trumpo jungimo iki 12 A<\/p>\n<p>Techniniai duomenys:<\/p>\n<p>Skiriamoji geba: 5 mA<br \/>\nImties da\u017enis: iki 10 000 matavim\u0173 per sekund\u0119<br \/>\nMaitinimas: \u012fkraunama li\u010dio polimer\u0173 baterija (USB-C)<br \/>\nKomplekte: USB-A \u2013 USB-C \u012fkrovimo laidas<\/p>\n","protected":false},"excerpt":{"rendered":"<p>Skaitmeninis jutiklis srovi\u0173 iki \u00b110 A matavimui.<\/p>\n","protected":false},"featured_media":7087,"comment_status":"open","ping_status":"closed","template":"","meta":{"_acf_changed":false},"product_brand":[304],"product_cat":[286],"product_tag":[],"class_list":{"0":"post-7086","1":"product","2":"type-product","3":"status-publish","4":"has-post-thumbnail","6":"product_brand-phywe","7":"product_cat-jutikliai","9":"first","10":"instock","11":"taxable","12":"shipping-taxable","13":"purchasable","14":"product-type-simple"},"acf":[],"_links":{"self":[{"href":"https:\/\/gridamokykloms.lt\/en\/wp-json\/wp\/v2\/product\/7086","targetHints":{"allow":["GET"]}}],"collection":[{"href":"https:\/\/gridamokykloms.lt\/en\/wp-json\/wp\/v2\/product"}],"about":[{"href":"https:\/\/gridamokykloms.lt\/en\/wp-json\/wp\/v2\/types\/product"}],"replies":[{"embeddable":true,"href":"https:\/\/gridamokykloms.lt\/en\/wp-json\/wp\/v2\/comments?post=7086"}],"wp:featuredmedia":[{"embeddable":true,"href":"https:\/\/gridamokykloms.lt\/en\/wp-json\/wp\/v2\/media\/7087"}],"wp:attachment":[{"href":"https:\/\/gridamokykloms.lt\/en\/wp-json\/wp\/v2\/media?parent=7086"}],"wp:term":[{"taxonomy":"product_brand","embeddable":true,"href":"https:\/\/gridamokykloms.lt\/en\/wp-json\/wp\/v2\/product_brand?post=7086"},{"taxonomy":"product_cat","embeddable":true,"href":"https:\/\/gridamokykloms.lt\/en\/wp-json\/wp\/v2\/product_cat?post=7086"},{"taxonomy":"product_tag","embeddable":true,"href":"https:\/\/gridamokykloms.lt\/en\/wp-json\/wp\/v2\/product_tag?post=7086"}],"curies":[{"name":"wp","href":"https:\/\/api.w.org\/{rel}","templated":true}]}}