{"id":7090,"date":"2025-08-05T13:47:06","date_gmt":"2025-08-05T13:47:06","guid":{"rendered":"https:\/\/gridamokykloms.lt\/produktas\/silumines-energijos-eksperimentu-rinkinys\/"},"modified":"2025-08-05T13:47:06","modified_gmt":"2025-08-05T13:47:06","slug":"silumines-energijos-eksperimentu-rinkinys","status":"publish","type":"product","link":"https:\/\/gridamokykloms.lt\/en\/produktas\/silumines-energijos-eksperimentu-rinkinys\/","title":{"rendered":"\u0160ilumin\u0117s energijos eksperiment\u0173 rinkinys"},"content":{"rendered":"<p>\u0160ilumin\u0117s energijos rinkinys leid\u017eia mokiniams prakti\u0161kai i\u0161tirti skirting\u0173 metal\u0173 \u0161ilumos laidum\u0105 ir \u0161ilumin\u012f pl\u0117tim\u0105si. Rinkinys idealiai tinka naudoti fizikos pamokose, nagrin\u0117jant \u0161ilumos perdavimo b\u016bdus, \u0161ilumin\u0119 pl\u0117tr\u0105 bei med\u017eiag\u0173 savybes.<\/p>\n<p>Rinkinio sud\u0117tis:<\/p>\n<p>\u0160ilumos laidumo \u017evaig\u017ed\u0117<br \/>\nMetalo \u0161ilumos laidumo prietaisas<br \/>\nRutulio ir \u017eiedo aparatas<br \/>\nBimetalin\u0117 juostel\u0117<\/p>\n","protected":false},"excerpt":{"rendered":"<p>Rinkinys \u0161ilumos laidumui ir \u0161iluminiam pl\u0117timuisi tirti.<\/p>\n","protected":false},"featured_media":7091,"comment_status":"open","ping_status":"closed","template":"","meta":{"_acf_changed":false},"product_brand":[305],"product_cat":[290],"product_tag":[],"class_list":{"0":"post-7090","1":"product","2":"type-product","3":"status-publish","4":"has-post-thumbnail","6":"product_brand-findel","7":"product_cat-siluma","9":"first","10":"instock","11":"taxable","12":"shipping-taxable","13":"purchasable","14":"product-type-simple"},"acf":[],"_links":{"self":[{"href":"https:\/\/gridamokykloms.lt\/en\/wp-json\/wp\/v2\/product\/7090","targetHints":{"allow":["GET"]}}],"collection":[{"href":"https:\/\/gridamokykloms.lt\/en\/wp-json\/wp\/v2\/product"}],"about":[{"href":"https:\/\/gridamokykloms.lt\/en\/wp-json\/wp\/v2\/types\/product"}],"replies":[{"embeddable":true,"href":"https:\/\/gridamokykloms.lt\/en\/wp-json\/wp\/v2\/comments?post=7090"}],"wp:featuredmedia":[{"embeddable":true,"href":"https:\/\/gridamokykloms.lt\/en\/wp-json\/wp\/v2\/media\/7091"}],"wp:attachment":[{"href":"https:\/\/gridamokykloms.lt\/en\/wp-json\/wp\/v2\/media?parent=7090"}],"wp:term":[{"taxonomy":"product_brand","embeddable":true,"href":"https:\/\/gridamokykloms.lt\/en\/wp-json\/wp\/v2\/product_brand?post=7090"},{"taxonomy":"product_cat","embeddable":true,"href":"https:\/\/gridamokykloms.lt\/en\/wp-json\/wp\/v2\/product_cat?post=7090"},{"taxonomy":"product_tag","embeddable":true,"href":"https:\/\/gridamokykloms.lt\/en\/wp-json\/wp\/v2\/product_tag?post=7090"}],"curies":[{"name":"wp","href":"https:\/\/api.w.org\/{rel}","templated":true}]}}