{"id":7094,"date":"2025-08-05T13:47:06","date_gmt":"2025-08-05T13:47:06","guid":{"rendered":"https:\/\/gridamokykloms.lt\/produktas\/metalo-juosteliu-rinkinys-12-vnt\/"},"modified":"2025-08-05T13:47:06","modified_gmt":"2025-08-05T13:47:06","slug":"metalo-juosteliu-rinkinys-12-vnt","status":"publish","type":"product","link":"https:\/\/gridamokykloms.lt\/en\/produktas\/metalo-juosteliu-rinkinys-12-vnt\/","title":{"rendered":"Metalo juosteli\u0173 rinkinys (12 vnt.)"},"content":{"rendered":"<p>Rinkin\u012f sudaro 12 \u012fvairi\u0173 metal\u0173 juosteli\u0173, skirt\u0173 magnetizmo ir med\u017eiag\u0173 savybi\u0173 tyrimui. Kiekviena juostel\u0117 pa\u017eym\u0117ta atitinkama raide identifikacijai ir leid\u017eia lengvai palyginti skirting\u0173 metal\u0173 magnetines savybes bei klasifikacij\u0105.<\/p>\n<p>Komplektacija:<\/p>\n<p>Mink\u0161tas aliuminis<br \/>\n\u017dalvaris<br \/>\nVaris<br \/>\nMink\u0161tas plienas<br \/>\nMagnetinis ner\u016bdijantis plienas<br \/>\nNer\u016bdijantis plienas<br \/>\nCinkuotas plienas<br \/>\nKietasis aliuminis<br \/>\nFosforinis bronzas<br \/>\nNikelio sidabras<br \/>\nCinkuotas mink\u0161tas plienas<br \/>\nCinkas<\/p>\n<p>Juostel\u0117s dydis: 50 \u00d7 25 \u00d7 1 mm<\/p>\n","protected":false},"excerpt":{"rendered":"<p>12 skirting\u0173 metal\u0173 juostel\u0117s magnetizmo eksperimentams ir med\u017eiag\u0173 palyginimui.<\/p>\n","protected":false},"featured_media":7095,"comment_status":"open","ping_status":"closed","template":"","meta":{"_acf_changed":false},"product_brand":[305],"product_cat":[289],"product_tag":[],"class_list":{"0":"post-7094","1":"product","2":"type-product","3":"status-publish","4":"has-post-thumbnail","6":"product_brand-findel","7":"product_cat-magnetizmas","9":"first","10":"instock","11":"taxable","12":"shipping-taxable","13":"purchasable","14":"product-type-simple"},"acf":[],"_links":{"self":[{"href":"https:\/\/gridamokykloms.lt\/en\/wp-json\/wp\/v2\/product\/7094","targetHints":{"allow":["GET"]}}],"collection":[{"href":"https:\/\/gridamokykloms.lt\/en\/wp-json\/wp\/v2\/product"}],"about":[{"href":"https:\/\/gridamokykloms.lt\/en\/wp-json\/wp\/v2\/types\/product"}],"replies":[{"embeddable":true,"href":"https:\/\/gridamokykloms.lt\/en\/wp-json\/wp\/v2\/comments?post=7094"}],"wp:featuredmedia":[{"embeddable":true,"href":"https:\/\/gridamokykloms.lt\/en\/wp-json\/wp\/v2\/media\/7095"}],"wp:attachment":[{"href":"https:\/\/gridamokykloms.lt\/en\/wp-json\/wp\/v2\/media?parent=7094"}],"wp:term":[{"taxonomy":"product_brand","embeddable":true,"href":"https:\/\/gridamokykloms.lt\/en\/wp-json\/wp\/v2\/product_brand?post=7094"},{"taxonomy":"product_cat","embeddable":true,"href":"https:\/\/gridamokykloms.lt\/en\/wp-json\/wp\/v2\/product_cat?post=7094"},{"taxonomy":"product_tag","embeddable":true,"href":"https:\/\/gridamokykloms.lt\/en\/wp-json\/wp\/v2\/product_tag?post=7094"}],"curies":[{"name":"wp","href":"https:\/\/api.w.org\/{rel}","templated":true}]}}