{"id":7096,"date":"2025-08-05T13:47:06","date_gmt":"2025-08-05T13:47:06","guid":{"rendered":"https:\/\/gridamokykloms.lt\/produktas\/magnetu-rinkinys\/"},"modified":"2025-08-05T13:47:06","modified_gmt":"2025-08-05T13:47:06","slug":"magnetu-rinkinys","status":"publish","type":"product","link":"https:\/\/gridamokykloms.lt\/en\/produktas\/magnetu-rinkinys\/","title":{"rendered":"Magnet\u0173 rinkinys"},"content":{"rendered":"<p>\u0160is i\u0161samus magnet\u0173 rinkinys pateikiamas patogiame plastikiniame d\u0117kle, kad b\u016bt\u0173 lengva saugoti ir naudoti mokymo metu. Jame rasite \u012fvairi\u0173 form\u0173 ir tip\u0173 magnetus \u2013 nuo alnico stryp\u0173 ir \u017eied\u0173 iki feritini\u0173 blok\u0173, spalvoto magnetinio kau\u010diuko bei arkini\u0173 magnet\u0173. Taip pat rinkinyje yra gele\u017eies dro\u017eli\u0173 talpa, kompasai bei metaliniai strypeliai ir diskai, leid\u017eiantys atlikti \u012fvairius magnetizmo eksperimentus ir vizualizacijas.<\/p>\n<p>Komplektacija:<\/p>\n<p>Alnico strypiniai magnetai<br \/>\nAlnico apval\u016bs magnetai<br \/>\nApval\u016bs ir kvadratiniai Alcomax strypai<br \/>\nFeritiniai blokeliai ir \u017eiedai<br \/>\nGele\u017eies dro\u017eli\u0173 kapsul\u0117<br \/>\nPora plastiku dengt\u0173 strypini\u0173 magnet\u0173<br \/>\nChromuoto plieno strypeliai<br \/>\nMetalini\u0173 disk\u0173 rinkinys<br \/>\nKompasai<\/p>\n<p>D\u0117klo i\u0161matavimai: 320 x 220 x 50 mm<\/p>\n<p>Am\u017eius: Tinkamas naudoti su vaikais, pri\u017ei\u016brint suaugusiems.<\/p>\n","protected":false},"excerpt":{"rendered":"<p>I\u0161samus magnet\u0173 ir med\u017eiag\u0173 rinkinys eksperimentams ir demonstracijoms.<\/p>\n","protected":false},"featured_media":7097,"comment_status":"open","ping_status":"closed","template":"","meta":{"_acf_changed":false},"product_brand":[305],"product_cat":[289],"product_tag":[],"class_list":{"0":"post-7096","1":"product","2":"type-product","3":"status-publish","4":"has-post-thumbnail","6":"product_brand-findel","7":"product_cat-magnetizmas","9":"first","10":"instock","11":"taxable","12":"shipping-taxable","13":"purchasable","14":"product-type-simple"},"acf":[],"_links":{"self":[{"href":"https:\/\/gridamokykloms.lt\/en\/wp-json\/wp\/v2\/product\/7096","targetHints":{"allow":["GET"]}}],"collection":[{"href":"https:\/\/gridamokykloms.lt\/en\/wp-json\/wp\/v2\/product"}],"about":[{"href":"https:\/\/gridamokykloms.lt\/en\/wp-json\/wp\/v2\/types\/product"}],"replies":[{"embeddable":true,"href":"https:\/\/gridamokykloms.lt\/en\/wp-json\/wp\/v2\/comments?post=7096"}],"wp:featuredmedia":[{"embeddable":true,"href":"https:\/\/gridamokykloms.lt\/en\/wp-json\/wp\/v2\/media\/7097"}],"wp:attachment":[{"href":"https:\/\/gridamokykloms.lt\/en\/wp-json\/wp\/v2\/media?parent=7096"}],"wp:term":[{"taxonomy":"product_brand","embeddable":true,"href":"https:\/\/gridamokykloms.lt\/en\/wp-json\/wp\/v2\/product_brand?post=7096"},{"taxonomy":"product_cat","embeddable":true,"href":"https:\/\/gridamokykloms.lt\/en\/wp-json\/wp\/v2\/product_cat?post=7096"},{"taxonomy":"product_tag","embeddable":true,"href":"https:\/\/gridamokykloms.lt\/en\/wp-json\/wp\/v2\/product_tag?post=7096"}],"curies":[{"name":"wp","href":"https:\/\/api.w.org\/{rel}","templated":true}]}}