{"id":7098,"date":"2025-08-05T13:47:06","date_gmt":"2025-08-05T13:47:06","guid":{"rendered":"https:\/\/gridamokykloms.lt\/produktas\/magnetinio-lauko-demonstracine-plokste-didele\/"},"modified":"2025-08-05T13:47:06","modified_gmt":"2025-08-05T13:47:06","slug":"magnetinio-lauko-demonstracine-plokste-didele","status":"publish","type":"product","link":"https:\/\/gridamokykloms.lt\/en\/produktas\/magnetinio-lauko-demonstracine-plokste-didele\/","title":{"rendered":"Magnetinio lauko demonstracin\u0117 plok\u0161t\u0117 (didel\u0117)"},"content":{"rendered":"<p>Skaidri magnetinio lauko demonstracin\u0117 plok\u0161t\u0117 susideda i\u0161 tinklelio ma\u017e\u0173 apvali\u0173 kamer\u0173, kuriose kiekvienoje yra po nepriklausomai judant\u012f gele\u017ein\u012f strypel\u012f, veikiant\u012f kaip mini kompasas. Skaidri konstrukcija leid\u017eia naudoti plok\u0161t\u0119 ir ant projektori\u0173 (OHP).<\/p>\n<p>I\u0161matavimai: 250 x 250 mm<br \/>\nKomplektacija: 1 demonstracin\u0117 plok\u0161t\u0117<\/p>\n","protected":false},"excerpt":{"rendered":"<p>Skaidri plok\u0161t\u0117 magnetinio lauko linijoms vizualizuoti naudojant gele\u017einius strypelius.<\/p>\n","protected":false},"featured_media":7099,"comment_status":"open","ping_status":"closed","template":"","meta":{"_acf_changed":false},"product_brand":[305],"product_cat":[289],"product_tag":[],"class_list":{"0":"post-7098","1":"product","2":"type-product","3":"status-publish","4":"has-post-thumbnail","6":"product_brand-findel","7":"product_cat-magnetizmas","9":"first","10":"instock","11":"taxable","12":"shipping-taxable","13":"purchasable","14":"product-type-simple"},"acf":[],"_links":{"self":[{"href":"https:\/\/gridamokykloms.lt\/en\/wp-json\/wp\/v2\/product\/7098","targetHints":{"allow":["GET"]}}],"collection":[{"href":"https:\/\/gridamokykloms.lt\/en\/wp-json\/wp\/v2\/product"}],"about":[{"href":"https:\/\/gridamokykloms.lt\/en\/wp-json\/wp\/v2\/types\/product"}],"replies":[{"embeddable":true,"href":"https:\/\/gridamokykloms.lt\/en\/wp-json\/wp\/v2\/comments?post=7098"}],"wp:featuredmedia":[{"embeddable":true,"href":"https:\/\/gridamokykloms.lt\/en\/wp-json\/wp\/v2\/media\/7099"}],"wp:attachment":[{"href":"https:\/\/gridamokykloms.lt\/en\/wp-json\/wp\/v2\/media?parent=7098"}],"wp:term":[{"taxonomy":"product_brand","embeddable":true,"href":"https:\/\/gridamokykloms.lt\/en\/wp-json\/wp\/v2\/product_brand?post=7098"},{"taxonomy":"product_cat","embeddable":true,"href":"https:\/\/gridamokykloms.lt\/en\/wp-json\/wp\/v2\/product_cat?post=7098"},{"taxonomy":"product_tag","embeddable":true,"href":"https:\/\/gridamokykloms.lt\/en\/wp-json\/wp\/v2\/product_tag?post=7098"}],"curies":[{"name":"wp","href":"https:\/\/api.w.org\/{rel}","templated":true}]}}