{"id":7102,"date":"2025-08-05T13:47:06","date_gmt":"2025-08-05T13:47:06","guid":{"rendered":"https:\/\/gridamokykloms.lt\/produktas\/tankio-tyrimu-kubeliai-35-vnt\/"},"modified":"2025-08-05T13:47:06","modified_gmt":"2025-08-05T13:47:06","slug":"tankio-tyrimu-kubeliai-35-vnt","status":"publish","type":"product","link":"https:\/\/gridamokykloms.lt\/en\/produktas\/tankio-tyrimu-kubeliai-35-vnt\/","title":{"rendered":"Tankio tyrim\u0173 kubeliai (35 vnt.)"},"content":{"rendered":"<p>\u0160is 35 kubeli\u0173 rinkinys skirtas tankio (mas\u0117s ir t\u016brio santykio) tyrimams mokyklose. Rinkinyje pateikti vienodo dyd\u017eio (20 x 20 x 20 mm) kubeliai, pagaminti i\u0161 septyni\u0173 skirting\u0173 med\u017eiag\u0173.<\/p>\n<p>Rinkinio sud\u0117tis:<\/p>\n<p>5 aliuminio kubeliai<br \/>\n5 \u017ealvario kubeliai<br \/>\n5 vario kubeliai<br \/>\n5 plieno kubeliai<br \/>\n5 \u0161vino kubeliai<br \/>\n5 granito (nat\u016bralaus akmens) kubeliai<br \/>\n5 plastiko (akriliniai) kubeliai<\/p>\n","protected":false},"excerpt":{"rendered":"<p>Rinkinys i\u0161 7 skirting\u0173 med\u017eiag\u0173 po 5 vienodus kubelius tankio tyrimams.<\/p>\n","protected":false},"featured_media":7103,"comment_status":"open","ping_status":"closed","template":"","meta":{"_acf_changed":false},"product_brand":[305],"product_cat":[291],"product_tag":[],"class_list":{"0":"post-7102","1":"product","2":"type-product","3":"status-publish","4":"has-post-thumbnail","6":"product_brand-findel","7":"product_cat-judejimas-ir-jega","9":"first","10":"instock","11":"taxable","12":"shipping-taxable","13":"purchasable","14":"product-type-simple"},"acf":[],"_links":{"self":[{"href":"https:\/\/gridamokykloms.lt\/en\/wp-json\/wp\/v2\/product\/7102","targetHints":{"allow":["GET"]}}],"collection":[{"href":"https:\/\/gridamokykloms.lt\/en\/wp-json\/wp\/v2\/product"}],"about":[{"href":"https:\/\/gridamokykloms.lt\/en\/wp-json\/wp\/v2\/types\/product"}],"replies":[{"embeddable":true,"href":"https:\/\/gridamokykloms.lt\/en\/wp-json\/wp\/v2\/comments?post=7102"}],"wp:featuredmedia":[{"embeddable":true,"href":"https:\/\/gridamokykloms.lt\/en\/wp-json\/wp\/v2\/media\/7103"}],"wp:attachment":[{"href":"https:\/\/gridamokykloms.lt\/en\/wp-json\/wp\/v2\/media?parent=7102"}],"wp:term":[{"taxonomy":"product_brand","embeddable":true,"href":"https:\/\/gridamokykloms.lt\/en\/wp-json\/wp\/v2\/product_brand?post=7102"},{"taxonomy":"product_cat","embeddable":true,"href":"https:\/\/gridamokykloms.lt\/en\/wp-json\/wp\/v2\/product_cat?post=7102"},{"taxonomy":"product_tag","embeddable":true,"href":"https:\/\/gridamokykloms.lt\/en\/wp-json\/wp\/v2\/product_tag?post=7102"}],"curies":[{"name":"wp","href":"https:\/\/api.w.org\/{rel}","templated":true}]}}