{"id":7106,"date":"2025-08-05T13:47:06","date_gmt":"2025-08-05T13:47:06","guid":{"rendered":"https:\/\/gridamokykloms.lt\/produktas\/jegos-momento-aparatas\/"},"modified":"2025-08-05T13:47:06","modified_gmt":"2025-08-05T13:47:06","slug":"jegos-momento-aparatas","status":"publish","type":"product","link":"https:\/\/gridamokykloms.lt\/en\/produktas\/jegos-momento-aparatas\/","title":{"rendered":"J\u0117gos momento aparatas"},"content":{"rendered":"<p>J\u0117gos momento aparatas leid\u017eia eksperimentuoti su j\u0117gos momento, j\u0117gos dyd\u017eio ir svirties ilgio tarpusavio ry\u0161iu. Paprastai reguliuojant svorius, pritvirtintus ant metro ilgio svirties, galima pasiekti pusiausvyr\u0105 ir steb\u0117ti sukimosi momento d\u0117sn\u012f skirtingiems sukimosi centrams.<\/p>\n<p>Komplekt\u0105 sudaro: metro ilgio svirtis, trys peilio a\u0161men\u0173 spaustukai ir aliuminio laikiklis. Pridedami 100 g ir 200 g svoriai su kabliukais.<\/p>\n","protected":false},"excerpt":{"rendered":"<p>Aparatas, skirtas demonstruoti j\u0117gos momento, j\u0117gos ir svirties ilgio ry\u0161\u012f.<\/p>\n","protected":false},"featured_media":7107,"comment_status":"open","ping_status":"closed","template":"","meta":{"_acf_changed":false},"product_brand":[305],"product_cat":[291],"product_tag":[],"class_list":{"0":"post-7106","1":"product","2":"type-product","3":"status-publish","4":"has-post-thumbnail","6":"product_brand-findel","7":"product_cat-judejimas-ir-jega","9":"first","10":"instock","11":"taxable","12":"shipping-taxable","13":"purchasable","14":"product-type-simple"},"acf":[],"_links":{"self":[{"href":"https:\/\/gridamokykloms.lt\/en\/wp-json\/wp\/v2\/product\/7106","targetHints":{"allow":["GET"]}}],"collection":[{"href":"https:\/\/gridamokykloms.lt\/en\/wp-json\/wp\/v2\/product"}],"about":[{"href":"https:\/\/gridamokykloms.lt\/en\/wp-json\/wp\/v2\/types\/product"}],"replies":[{"embeddable":true,"href":"https:\/\/gridamokykloms.lt\/en\/wp-json\/wp\/v2\/comments?post=7106"}],"wp:featuredmedia":[{"embeddable":true,"href":"https:\/\/gridamokykloms.lt\/en\/wp-json\/wp\/v2\/media\/7107"}],"wp:attachment":[{"href":"https:\/\/gridamokykloms.lt\/en\/wp-json\/wp\/v2\/media?parent=7106"}],"wp:term":[{"taxonomy":"product_brand","embeddable":true,"href":"https:\/\/gridamokykloms.lt\/en\/wp-json\/wp\/v2\/product_brand?post=7106"},{"taxonomy":"product_cat","embeddable":true,"href":"https:\/\/gridamokykloms.lt\/en\/wp-json\/wp\/v2\/product_cat?post=7106"},{"taxonomy":"product_tag","embeddable":true,"href":"https:\/\/gridamokykloms.lt\/en\/wp-json\/wp\/v2\/product_tag?post=7106"}],"curies":[{"name":"wp","href":"https:\/\/api.w.org\/{rel}","templated":true}]}}