{"id":7109,"date":"2025-08-05T13:47:06","date_gmt":"2025-08-05T13:47:06","guid":{"rendered":"https:\/\/gridamokykloms.lt\/produktas\/nuolydzio-lenta-su-trinties-stumdikliu\/"},"modified":"2025-08-05T13:47:06","modified_gmt":"2025-08-05T13:47:06","slug":"nuolydzio-lenta-su-trinties-stumdikliu","status":"publish","type":"product","link":"https:\/\/gridamokykloms.lt\/en\/produktas\/nuolydzio-lenta-su-trinties-stumdikliu\/","title":{"rendered":"Nuolyd\u017eio lenta su trinties stumdikliu"},"content":{"rendered":"<p>Medin\u0117 nuolyd\u017eio lenta, kurios matmenys 600 mm x 75 mm, pritvirtinta lanku prie medin\u0117s pagrindo lentos. Nuolyd\u017eio kampas gali b\u016bti fiksuojamas keliomis pozicijomis naudojant judinam\u0105 blok\u0105, leid\u017eiant\u012f atlikti \u012fvairius dinamikos eksperimentus. Komplekte yra atvirk\u0161tinis trinties stumdiklis (100 mm x 65 mm), kurio viena pus\u0117 yra suma\u017einta \u2013 tik pus\u0117 ploto lie\u010diasi su lenta, tod\u0117l galima tyrin\u0117ti skirtingas trinties situacijas.<\/p>\n<p>Taip pat pridedamas \u017ealvarinis volelis (75 mm x 25 mm) ir skriemulys. Komplekte n\u0117ra svareli\u0173 ir svarstykli\u0173 l\u0117k\u0161tel\u0117s. Prietaisas puikiai tinka fizikos pamokoms, leid\u017eia ai\u0161kiai ir prakti\u0161kai iliustruoti nuolyd\u017eio ir trinties rei\u0161kinius.<\/p>\n","protected":false},"excerpt":{"rendered":"<p>Medin\u0117 nuolyd\u017eio lenta su reguliuojamu kampu ir stumdikliu.<\/p>\n","protected":false},"featured_media":7112,"comment_status":"open","ping_status":"closed","template":"","meta":{"_acf_changed":false},"product_brand":[305],"product_cat":[291],"product_tag":[],"class_list":{"0":"post-7109","1":"product","2":"type-product","3":"status-publish","4":"has-post-thumbnail","6":"product_brand-findel","7":"product_cat-judejimas-ir-jega","9":"first","10":"instock","11":"taxable","12":"shipping-taxable","13":"purchasable","14":"product-type-simple"},"acf":[],"_links":{"self":[{"href":"https:\/\/gridamokykloms.lt\/en\/wp-json\/wp\/v2\/product\/7109","targetHints":{"allow":["GET"]}}],"collection":[{"href":"https:\/\/gridamokykloms.lt\/en\/wp-json\/wp\/v2\/product"}],"about":[{"href":"https:\/\/gridamokykloms.lt\/en\/wp-json\/wp\/v2\/types\/product"}],"replies":[{"embeddable":true,"href":"https:\/\/gridamokykloms.lt\/en\/wp-json\/wp\/v2\/comments?post=7109"}],"wp:featuredmedia":[{"embeddable":true,"href":"https:\/\/gridamokykloms.lt\/en\/wp-json\/wp\/v2\/media\/7112"}],"wp:attachment":[{"href":"https:\/\/gridamokykloms.lt\/en\/wp-json\/wp\/v2\/media?parent=7109"}],"wp:term":[{"taxonomy":"product_brand","embeddable":true,"href":"https:\/\/gridamokykloms.lt\/en\/wp-json\/wp\/v2\/product_brand?post=7109"},{"taxonomy":"product_cat","embeddable":true,"href":"https:\/\/gridamokykloms.lt\/en\/wp-json\/wp\/v2\/product_cat?post=7109"},{"taxonomy":"product_tag","embeddable":true,"href":"https:\/\/gridamokykloms.lt\/en\/wp-json\/wp\/v2\/product_tag?post=7109"}],"curies":[{"name":"wp","href":"https:\/\/api.w.org\/{rel}","templated":true}]}}