{"id":7110,"date":"2025-08-05T13:47:06","date_gmt":"2025-08-05T13:47:06","guid":{"rendered":"https:\/\/gridamokykloms.lt\/produktas\/skyscio-lygio-aparato-modelis\/"},"modified":"2025-08-05T13:47:06","modified_gmt":"2025-08-05T13:47:06","slug":"skyscio-lygio-aparato-modelis","status":"publish","type":"product","link":"https:\/\/gridamokykloms.lt\/en\/produktas\/skyscio-lygio-aparato-modelis\/","title":{"rendered":"Skys\u010dio lygio aparato modelis"},"content":{"rendered":"<p>\u0160is skys\u010dio lygio aparato modelis leid\u017eia mokiniams steb\u0117ti, kad skys\u010dio lygis susisiekian\u010diuose induose yra pastovus, nepriklausomai nuo ind\u0173 formos ar dyd\u017eio. Aparatas susideda i\u0161 keturi\u0173 vertikaliai i\u0161kilusi\u0173 skirting\u0173 form\u0173 ir skerspj\u016bvi\u0173 stiklo vamzd\u017ei\u0173, kurie sujungti su bendru horizontaliu vamzd\u017eiu. Visa konstrukcija sumontuota ant medinio pagrindo. Modelio matmenys: 216 mm x 140 mm x 76 mm.<\/p>\n","protected":false},"excerpt":{"rendered":"<p>Modelis, demonstruojantis skys\u010dio lygio pastovum\u0105 skirting\u0173 form\u0173 ir dyd\u017ei\u0173 susisiekian\u010diuose induose.<\/p>\n","protected":false},"featured_media":7113,"comment_status":"open","ping_status":"closed","template":"","meta":{"_acf_changed":false},"product_brand":[305],"product_cat":[291],"product_tag":[],"class_list":{"0":"post-7110","1":"product","2":"type-product","3":"status-publish","4":"has-post-thumbnail","6":"product_brand-findel","7":"product_cat-judejimas-ir-jega","9":"first","10":"instock","11":"taxable","12":"shipping-taxable","13":"purchasable","14":"product-type-simple"},"acf":[],"_links":{"self":[{"href":"https:\/\/gridamokykloms.lt\/en\/wp-json\/wp\/v2\/product\/7110","targetHints":{"allow":["GET"]}}],"collection":[{"href":"https:\/\/gridamokykloms.lt\/en\/wp-json\/wp\/v2\/product"}],"about":[{"href":"https:\/\/gridamokykloms.lt\/en\/wp-json\/wp\/v2\/types\/product"}],"replies":[{"embeddable":true,"href":"https:\/\/gridamokykloms.lt\/en\/wp-json\/wp\/v2\/comments?post=7110"}],"wp:featuredmedia":[{"embeddable":true,"href":"https:\/\/gridamokykloms.lt\/en\/wp-json\/wp\/v2\/media\/7113"}],"wp:attachment":[{"href":"https:\/\/gridamokykloms.lt\/en\/wp-json\/wp\/v2\/media?parent=7110"}],"wp:term":[{"taxonomy":"product_brand","embeddable":true,"href":"https:\/\/gridamokykloms.lt\/en\/wp-json\/wp\/v2\/product_brand?post=7110"},{"taxonomy":"product_cat","embeddable":true,"href":"https:\/\/gridamokykloms.lt\/en\/wp-json\/wp\/v2\/product_cat?post=7110"},{"taxonomy":"product_tag","embeddable":true,"href":"https:\/\/gridamokykloms.lt\/en\/wp-json\/wp\/v2\/product_tag?post=7110"}],"curies":[{"name":"wp","href":"https:\/\/api.w.org\/{rel}","templated":true}]}}