{"id":7114,"date":"2025-08-05T13:47:06","date_gmt":"2025-08-05T13:47:06","guid":{"rendered":"https:\/\/gridamokykloms.lt\/produktas\/astromaster-90eq-teleskopas\/"},"modified":"2025-08-05T13:47:06","modified_gmt":"2025-08-05T13:47:06","slug":"astromaster-90eq-teleskopas","status":"publish","type":"product","link":"https:\/\/gridamokykloms.lt\/en\/produktas\/astromaster-90eq-teleskopas\/","title":{"rendered":"AstroMaster 90EQ teleskopas"},"content":{"rendered":"<p>Celestron AstroMaster 90EQ teleskopas leid\u017eia greitai ir be \u012franki\u0173 prad\u0117ti steb\u0117ti Saul\u0117s sistem\u0105 bei dangaus objektus. Teleskopas puikiai tinka M\u0117nulio, planet\u0173, \u017evaig\u017ed\u017ei\u0173 spie\u010di\u0173 ir kit\u0173 objekt\u0173 steb\u0117jimui nakties metu. Teleskopas komplektuojamas su dviem okuliarais (20 mm ir 10 mm), kurie suteikia 50x ir 100x didinim\u0105. \u012emontuotas StarPointer raudonos ta\u0161ko ie\u0161kiklis padeda lengvai surasti norimus objektus. Ranken\u0117l\u0117s leid\u017eia tiksliai reguliuoti teleskopo pad\u0117t\u012f dviem a\u0161imis. Komplekte yra tvirtas, reguliuojamo auk\u0161\u010dio plieninis trikojo stovas. \u012e komplekt\u0105 taip pat \u012feina Starry Night Basic programin\u0117 \u012franga, kuri pad\u0117s lengviau orientuotis danguje. Auk\u0161tos kokyb\u0117s optika suteikia ry\u0161k\u0173 ir ai\u0161k\u0173 vaizd\u0105.<\/p>\n","protected":false},"excerpt":{"rendered":"<p>Teleskopas su rankiniu ekvatoriniu tvirtinimu, skirtas M\u0117nulio, planet\u0173 ir \u017evaig\u017ed\u017ei\u0173 steb\u0117jimui.<\/p>\n","protected":false},"featured_media":7116,"comment_status":"open","ping_status":"closed","template":"","meta":{"_acf_changed":false},"product_brand":[305],"product_cat":[276],"product_tag":[],"class_list":{"0":"post-7114","1":"product","2":"type-product","3":"status-publish","4":"has-post-thumbnail","6":"product_brand-findel","7":"product_cat-astronomija-ir-zemes-mokslai","9":"first","10":"instock","11":"taxable","12":"shipping-taxable","13":"purchasable","14":"product-type-simple"},"acf":[],"_links":{"self":[{"href":"https:\/\/gridamokykloms.lt\/en\/wp-json\/wp\/v2\/product\/7114","targetHints":{"allow":["GET"]}}],"collection":[{"href":"https:\/\/gridamokykloms.lt\/en\/wp-json\/wp\/v2\/product"}],"about":[{"href":"https:\/\/gridamokykloms.lt\/en\/wp-json\/wp\/v2\/types\/product"}],"replies":[{"embeddable":true,"href":"https:\/\/gridamokykloms.lt\/en\/wp-json\/wp\/v2\/comments?post=7114"}],"wp:featuredmedia":[{"embeddable":true,"href":"https:\/\/gridamokykloms.lt\/en\/wp-json\/wp\/v2\/media\/7116"}],"wp:attachment":[{"href":"https:\/\/gridamokykloms.lt\/en\/wp-json\/wp\/v2\/media?parent=7114"}],"wp:term":[{"taxonomy":"product_brand","embeddable":true,"href":"https:\/\/gridamokykloms.lt\/en\/wp-json\/wp\/v2\/product_brand?post=7114"},{"taxonomy":"product_cat","embeddable":true,"href":"https:\/\/gridamokykloms.lt\/en\/wp-json\/wp\/v2\/product_cat?post=7114"},{"taxonomy":"product_tag","embeddable":true,"href":"https:\/\/gridamokykloms.lt\/en\/wp-json\/wp\/v2\/product_tag?post=7114"}],"curies":[{"name":"wp","href":"https:\/\/api.w.org\/{rel}","templated":true}]}}