{"id":7115,"date":"2025-08-05T13:47:06","date_gmt":"2025-08-05T13:47:06","guid":{"rendered":"https:\/\/gridamokykloms.lt\/produktas\/huko-desnio-aparatas\/"},"modified":"2025-08-05T13:47:06","modified_gmt":"2025-08-05T13:47:06","slug":"huko-desnio-aparatas","status":"publish","type":"product","link":"https:\/\/gridamokykloms.lt\/en\/produktas\/huko-desnio-aparatas\/","title":{"rendered":"Huko d\u0117snio aparatas"},"content":{"rendered":"<p>Huko d\u0117snio aparatas leid\u017eia eksperimentuoti ir \u012frodyti, kad spyruokl\u0117s i\u0161tempimas proporcingas j\u0117gai, veikian\u010diai spyruokl\u0119. \u012eranga susideda i\u0161 120 mm ilgio liniuote pa\u017eym\u0117tos matavimo skal\u0117s, tvirtai pritvirtintos prie stovo ir pagrindo. Komplekte yra masi\u0173 kabykla su rodykle, prijungta prie spyruokl\u0117s, leid\u017eianti tiksliai nustatyti i\u0161tempim\u0105 pagal skal\u0119.<\/p>\n<p>Svarbu: svareli\u0173 komplekte n\u0117ra, jas reikia \u012fsigyti atskirai.<\/p>\n","protected":false},"excerpt":{"rendered":"<p>Aparatas, skirtas demonstruoti priklausomyb\u0119 tarp spyruokl\u0117s i\u0161tempimo ir j\u0117gos.<\/p>\n","protected":false},"featured_media":7117,"comment_status":"open","ping_status":"closed","template":"","meta":{"_acf_changed":false},"product_brand":[305],"product_cat":[291],"product_tag":[],"class_list":{"0":"post-7115","1":"product","2":"type-product","3":"status-publish","4":"has-post-thumbnail","6":"product_brand-findel","7":"product_cat-judejimas-ir-jega","9":"first","10":"instock","11":"taxable","12":"shipping-taxable","13":"purchasable","14":"product-type-simple"},"acf":[],"_links":{"self":[{"href":"https:\/\/gridamokykloms.lt\/en\/wp-json\/wp\/v2\/product\/7115","targetHints":{"allow":["GET"]}}],"collection":[{"href":"https:\/\/gridamokykloms.lt\/en\/wp-json\/wp\/v2\/product"}],"about":[{"href":"https:\/\/gridamokykloms.lt\/en\/wp-json\/wp\/v2\/types\/product"}],"replies":[{"embeddable":true,"href":"https:\/\/gridamokykloms.lt\/en\/wp-json\/wp\/v2\/comments?post=7115"}],"wp:featuredmedia":[{"embeddable":true,"href":"https:\/\/gridamokykloms.lt\/en\/wp-json\/wp\/v2\/media\/7117"}],"wp:attachment":[{"href":"https:\/\/gridamokykloms.lt\/en\/wp-json\/wp\/v2\/media?parent=7115"}],"wp:term":[{"taxonomy":"product_brand","embeddable":true,"href":"https:\/\/gridamokykloms.lt\/en\/wp-json\/wp\/v2\/product_brand?post=7115"},{"taxonomy":"product_cat","embeddable":true,"href":"https:\/\/gridamokykloms.lt\/en\/wp-json\/wp\/v2\/product_cat?post=7115"},{"taxonomy":"product_tag","embeddable":true,"href":"https:\/\/gridamokykloms.lt\/en\/wp-json\/wp\/v2\/product_tag?post=7115"}],"curies":[{"name":"wp","href":"https:\/\/api.w.org\/{rel}","templated":true}]}}