{"id":7120,"date":"2025-08-05T13:47:05","date_gmt":"2025-08-05T13:47:05","guid":{"rendered":"https:\/\/gridamokykloms.lt\/produktas\/mini-sviesos-matuoklis\/"},"modified":"2025-08-05T13:47:05","modified_gmt":"2025-08-05T13:47:05","slug":"mini-sviesos-matuoklis","status":"publish","type":"product","link":"https:\/\/gridamokykloms.lt\/en\/produktas\/mini-sviesos-matuoklis\/","title":{"rendered":"Mini \u0161viesos matuoklis"},"content":{"rendered":"<p>Mini \u0161viesos matuoklis \u2013 tai ergonomi\u0161kas, lengvas ir patogus prietaisas, skirtas realiu laiku matuoti aplinkos ap\u0161vietimo intensyvum\u0105. Naudojant pa\u017eangi\u0105 fotoelektrin\u0119 jutikli\u0173 technologij\u0105, \u0161viesos stiprumas tiksliai konvertuojamas \u012f elektrin\u012f signal\u0105 ir rodomas LCD ekrane.<\/p>\n<p>Prietaisas pasi\u017eymi dideliu jautrumu, automatinio diapazono nustatymu, maksimalios ir minimalios vert\u0117s fiksavimu, foniniu ap\u0161vietimu ir automatinio i\u0161sijungimo funkcija. Ypa\u010d tinka naudoti edukaciniais tikslais mokyklose ir laboratorijose.<\/p>\n<p>Technin\u0117s savyb\u0117s:<\/p>\n<p>Matavimo diapazonas: 0\u2013199 999 liumen\u0173 (Lux), automatinis diapazono nustatymas<br \/>\nTikslumas: iki 9999 Lux \u00b1(4%rdg + 8 skaitmenys); vir\u0161 10 000 Lux \u00b1(5%rdg + 10 skaitmen\u0173)<br \/>\nAtnaujinimo da\u017enis: kas 0,5 s<br \/>\nEkranas: 4 skaitmen\u0173 LCD su foniniu ap\u0161vietimu<br \/>\nFunkcijos: MAX\/MIN, HOLD, automatinis i\u0161sijungimas po 5 min, perkrovos ir \u017eemos baterijos indikatoriai<br \/>\nI\u0161matavimai: 160 x 50 x 28 mm<br \/>\nMaitinimas: 3 x AAA baterijos (nepridedamos)<\/p>\n","protected":false},"excerpt":{"rendered":"<p>Kompakti\u0161kas ir jautrus \u0161viesos intensyvumo matuoklis su LCD ekranu.<\/p>\n","protected":false},"featured_media":7121,"comment_status":"open","ping_status":"closed","template":"","meta":{"_acf_changed":false},"product_brand":[305],"product_cat":[286],"product_tag":[],"class_list":{"0":"post-7120","1":"product","2":"type-product","3":"status-publish","4":"has-post-thumbnail","6":"product_brand-findel","7":"product_cat-jutikliai","9":"first","10":"instock","11":"taxable","12":"shipping-taxable","13":"purchasable","14":"product-type-simple"},"acf":[],"_links":{"self":[{"href":"https:\/\/gridamokykloms.lt\/en\/wp-json\/wp\/v2\/product\/7120","targetHints":{"allow":["GET"]}}],"collection":[{"href":"https:\/\/gridamokykloms.lt\/en\/wp-json\/wp\/v2\/product"}],"about":[{"href":"https:\/\/gridamokykloms.lt\/en\/wp-json\/wp\/v2\/types\/product"}],"replies":[{"embeddable":true,"href":"https:\/\/gridamokykloms.lt\/en\/wp-json\/wp\/v2\/comments?post=7120"}],"wp:featuredmedia":[{"embeddable":true,"href":"https:\/\/gridamokykloms.lt\/en\/wp-json\/wp\/v2\/media\/7121"}],"wp:attachment":[{"href":"https:\/\/gridamokykloms.lt\/en\/wp-json\/wp\/v2\/media?parent=7120"}],"wp:term":[{"taxonomy":"product_brand","embeddable":true,"href":"https:\/\/gridamokykloms.lt\/en\/wp-json\/wp\/v2\/product_brand?post=7120"},{"taxonomy":"product_cat","embeddable":true,"href":"https:\/\/gridamokykloms.lt\/en\/wp-json\/wp\/v2\/product_cat?post=7120"},{"taxonomy":"product_tag","embeddable":true,"href":"https:\/\/gridamokykloms.lt\/en\/wp-json\/wp\/v2\/product_tag?post=7120"}],"curies":[{"name":"wp","href":"https:\/\/api.w.org\/{rel}","templated":true}]}}