{"id":7122,"date":"2025-08-05T13:47:05","date_gmt":"2025-08-05T13:47:05","guid":{"rendered":"https:\/\/gridamokykloms.lt\/produktas\/nerudijancio-plieno-svareliu-rinkinys-9-vnt\/"},"modified":"2025-08-05T13:47:05","modified_gmt":"2025-08-05T13:47:05","slug":"nerudijancio-plieno-svareliu-rinkinys-9-vnt","status":"publish","type":"product","link":"https:\/\/gridamokykloms.lt\/en\/produktas\/nerudijancio-plieno-svareliu-rinkinys-9-vnt\/","title":{"rendered":"Ner\u016bdijan\u010dio plieno svareli\u0173 rinkinys (9 vnt.)"},"content":{"rendered":"<p>Ner\u016bdijan\u010dio plieno svareli\u0173 rinkinys \u2013 tai patikima ir ilgaam\u017e\u0117 priemon\u0117 j\u0117gos, mas\u0117s ar gravitacijos eksperimentams. Svareliai turi kabliukus abiejuose galuose, o i\u0161frezuotas dugnas leid\u017eia svarelius tvirtai kabinti vien\u0105 prie kito, u\u017etikrinant stabilum\u0105 atliekant eksperimentus. Pad\u0117jus ant lygaus pavir\u0161iaus, svarelio dugnas i\u0161lieka stabilus.<\/p>\n<p>Rinkinyje yra 9 svareliai, kuri\u0173 mas\u0117 nuo 10 g iki 1000 g. Visi svareliai laikomi patogiame mediniame laikiklyje, u\u017etikrinan\u010diame saug\u0173 laikym\u0105 ir lengv\u0105 pri\u0117jim\u0105 per pamokas ar laboratorinius darbus.<\/p>\n","protected":false},"excerpt":{"rendered":"<p>Ner\u016bdijan\u010dio plieno svareli\u0173 rinkinys nuo 10 g iki 1 kg su kabliukais.<\/p>\n","protected":false},"featured_media":7123,"comment_status":"open","ping_status":"closed","template":"","meta":{"_acf_changed":false},"product_brand":[305],"product_cat":[288],"product_tag":[],"class_list":{"0":"post-7122","1":"product","2":"type-product","3":"status-publish","4":"has-post-thumbnail","6":"product_brand-findel","7":"product_cat-svareliai","9":"first","10":"instock","11":"taxable","12":"shipping-taxable","13":"purchasable","14":"product-type-simple"},"acf":[],"_links":{"self":[{"href":"https:\/\/gridamokykloms.lt\/en\/wp-json\/wp\/v2\/product\/7122","targetHints":{"allow":["GET"]}}],"collection":[{"href":"https:\/\/gridamokykloms.lt\/en\/wp-json\/wp\/v2\/product"}],"about":[{"href":"https:\/\/gridamokykloms.lt\/en\/wp-json\/wp\/v2\/types\/product"}],"replies":[{"embeddable":true,"href":"https:\/\/gridamokykloms.lt\/en\/wp-json\/wp\/v2\/comments?post=7122"}],"wp:featuredmedia":[{"embeddable":true,"href":"https:\/\/gridamokykloms.lt\/en\/wp-json\/wp\/v2\/media\/7123"}],"wp:attachment":[{"href":"https:\/\/gridamokykloms.lt\/en\/wp-json\/wp\/v2\/media?parent=7122"}],"wp:term":[{"taxonomy":"product_brand","embeddable":true,"href":"https:\/\/gridamokykloms.lt\/en\/wp-json\/wp\/v2\/product_brand?post=7122"},{"taxonomy":"product_cat","embeddable":true,"href":"https:\/\/gridamokykloms.lt\/en\/wp-json\/wp\/v2\/product_cat?post=7122"},{"taxonomy":"product_tag","embeddable":true,"href":"https:\/\/gridamokykloms.lt\/en\/wp-json\/wp\/v2\/product_tag?post=7122"}],"curies":[{"name":"wp","href":"https:\/\/api.w.org\/{rel}","templated":true}]}}