{"id":7124,"date":"2025-08-05T13:47:05","date_gmt":"2025-08-05T13:47:05","guid":{"rendered":"https:\/\/gridamokykloms.lt\/produktas\/spalvoti-pluduriuojantys-ziediniai-magnetai-5-vnt\/"},"modified":"2025-08-05T13:47:05","modified_gmt":"2025-08-05T13:47:05","slug":"spalvoti-pluduriuojantys-ziediniai-magnetai-5-vnt","status":"publish","type":"product","link":"https:\/\/gridamokykloms.lt\/en\/produktas\/spalvoti-pluduriuojantys-ziediniai-magnetai-5-vnt\/","title":{"rendered":"Spalvoti pl\u016bduriuojantys \u017eiediniai magnetai (5 vnt.)"},"content":{"rendered":"<p>\u0160ie spalvoti \u017eiediniai magnetai skirti mokomosioms demonstracijoms \u2013 u\u017ed\u0117jus juos ant komplekte esan\u010dio strypo ir tinkamai orientavus, jie vienas kit\u0105 atstumia ir \u201epl\u016bduriuoja\u201c ore. Tai puiki priemon\u0117 parodyti magnetini\u0173 j\u0117g\u0173 veikim\u0105 \u2013 trauk\u0105 ir atost\u016bm\u012f \u2013 praktiniu, vizualiai \u012ftraukian\u010diu b\u016bdu.<\/p>\n<p>Magnet\u0173 i\u0161matavimai:<\/p>\n<p>I\u0161orinis skersmuo: 30 mm<br \/>\nStoris: 9,8 mm<br \/>\nKomplekt\u0105 sudaro: 5 magnetai ir strypas.<\/p>\n","protected":false},"excerpt":{"rendered":"<p>Spalvoti \u017eiediniai magnetai demonstracijoms apie trauk\u0105 ir atost\u016bm\u012f.<\/p>\n","protected":false},"featured_media":7125,"comment_status":"open","ping_status":"closed","template":"","meta":{"_acf_changed":false},"product_brand":[305],"product_cat":[289],"product_tag":[],"class_list":{"0":"post-7124","1":"product","2":"type-product","3":"status-publish","4":"has-post-thumbnail","6":"product_brand-findel","7":"product_cat-magnetizmas","9":"first","10":"instock","11":"taxable","12":"shipping-taxable","13":"purchasable","14":"product-type-simple"},"acf":[],"_links":{"self":[{"href":"https:\/\/gridamokykloms.lt\/en\/wp-json\/wp\/v2\/product\/7124","targetHints":{"allow":["GET"]}}],"collection":[{"href":"https:\/\/gridamokykloms.lt\/en\/wp-json\/wp\/v2\/product"}],"about":[{"href":"https:\/\/gridamokykloms.lt\/en\/wp-json\/wp\/v2\/types\/product"}],"replies":[{"embeddable":true,"href":"https:\/\/gridamokykloms.lt\/en\/wp-json\/wp\/v2\/comments?post=7124"}],"wp:featuredmedia":[{"embeddable":true,"href":"https:\/\/gridamokykloms.lt\/en\/wp-json\/wp\/v2\/media\/7125"}],"wp:attachment":[{"href":"https:\/\/gridamokykloms.lt\/en\/wp-json\/wp\/v2\/media?parent=7124"}],"wp:term":[{"taxonomy":"product_brand","embeddable":true,"href":"https:\/\/gridamokykloms.lt\/en\/wp-json\/wp\/v2\/product_brand?post=7124"},{"taxonomy":"product_cat","embeddable":true,"href":"https:\/\/gridamokykloms.lt\/en\/wp-json\/wp\/v2\/product_cat?post=7124"},{"taxonomy":"product_tag","embeddable":true,"href":"https:\/\/gridamokykloms.lt\/en\/wp-json\/wp\/v2\/product_tag?post=7124"}],"curies":[{"name":"wp","href":"https:\/\/api.w.org\/{rel}","templated":true}]}}