{"id":7126,"date":"2025-08-05T13:47:02","date_gmt":"2025-08-05T13:47:02","guid":{"rendered":"https:\/\/gridamokykloms.lt\/produktas\/atomo-modelis\/"},"modified":"2025-08-05T13:47:02","modified_gmt":"2025-08-05T13:47:02","slug":"atomo-modelis","status":"publish","type":"product","link":"https:\/\/gridamokykloms.lt\/en\/produktas\/atomo-modelis\/","title":{"rendered":"Atomo modelis"},"content":{"rendered":"<p>\u201eBRIGHT of Sweden\u201c sukurtas modelis \u2013 puiki mokomoji priemon\u0117, leid\u017eianti mokiniams prakti\u0161kai pa\u017einti atomo strukt\u016br\u0105 pagal Boro model\u012f. Naudodami plastmasinius protonus, neutronus ir elektronus, mokiniai gali sud\u0117lioti atomus, steb\u0117ti, kaip dalel\u0117s pasiskirsto atome, ir suprasti, kaip formuojasi jonai ar izotopai.<\/p>\n<p>Modelis yra dvipusis \u2013 kiekvienoje pus\u0117je vaizduojamas elektron\u0173 sluoksnis, tod\u0117l vienu metu galima konstruoti net du atomus. Rinkinys supakuotas patogioje d\u0117\u017eut\u0117je su dangteliu.<\/p>\n<p>Komplekt\u0105 sudaro:<\/p>\n<p>30 proton\u0173<br \/>\n30 neutron\u0173<br \/>\n30 elektron\u0173<\/p>\n","protected":false},"excerpt":{"rendered":"<p>Interaktyvus modelis, padedantis suprasti atom\u0173 sandar\u0105, jonus ir izotopus.<\/p>\n","protected":false},"featured_media":7127,"comment_status":"open","ping_status":"closed","template":"","meta":{"_acf_changed":false},"product_brand":[305],"product_cat":[285],"product_tag":[],"class_list":{"0":"post-7126","1":"product","2":"type-product","3":"status-publish","4":"has-post-thumbnail","6":"product_brand-findel","7":"product_cat-medziagos-ir-ju-savybes","9":"first","10":"instock","11":"taxable","12":"shipping-taxable","13":"purchasable","14":"product-type-simple"},"acf":[],"_links":{"self":[{"href":"https:\/\/gridamokykloms.lt\/en\/wp-json\/wp\/v2\/product\/7126","targetHints":{"allow":["GET"]}}],"collection":[{"href":"https:\/\/gridamokykloms.lt\/en\/wp-json\/wp\/v2\/product"}],"about":[{"href":"https:\/\/gridamokykloms.lt\/en\/wp-json\/wp\/v2\/types\/product"}],"replies":[{"embeddable":true,"href":"https:\/\/gridamokykloms.lt\/en\/wp-json\/wp\/v2\/comments?post=7126"}],"wp:featuredmedia":[{"embeddable":true,"href":"https:\/\/gridamokykloms.lt\/en\/wp-json\/wp\/v2\/media\/7127"}],"wp:attachment":[{"href":"https:\/\/gridamokykloms.lt\/en\/wp-json\/wp\/v2\/media?parent=7126"}],"wp:term":[{"taxonomy":"product_brand","embeddable":true,"href":"https:\/\/gridamokykloms.lt\/en\/wp-json\/wp\/v2\/product_brand?post=7126"},{"taxonomy":"product_cat","embeddable":true,"href":"https:\/\/gridamokykloms.lt\/en\/wp-json\/wp\/v2\/product_cat?post=7126"},{"taxonomy":"product_tag","embeddable":true,"href":"https:\/\/gridamokykloms.lt\/en\/wp-json\/wp\/v2\/product_tag?post=7126"}],"curies":[{"name":"wp","href":"https:\/\/api.w.org\/{rel}","templated":true}]}}