{"id":7128,"date":"2025-08-05T13:47:02","date_gmt":"2025-08-05T13:47:02","guid":{"rendered":"https:\/\/gridamokykloms.lt\/produktas\/philip-harris-organines-chemijos-distiliavimo-rinkinys\/"},"modified":"2025-08-05T13:47:02","modified_gmt":"2025-08-05T13:47:02","slug":"philip-harris-organines-chemijos-distiliavimo-rinkinys","status":"publish","type":"product","link":"https:\/\/gridamokykloms.lt\/en\/produktas\/philip-harris-organines-chemijos-distiliavimo-rinkinys\/","title":{"rendered":"Philip Harris organin\u0117s chemijos distiliavimo rinkinys"},"content":{"rendered":"<p>Philip Harris organin\u0117s chemijos distiliavimo rinkinys yra profesionalus ir kompakti\u0161kas komplektas, skirtas eksperimentams su nedideliais organini\u0173 med\u017eiag\u0173 kiekiais (iki 150 g). Visi 16 komponent\u0173 yra tvarkingai i\u0161d\u0117styti putplas\u010dio \u012fd\u0117klo d\u0117\u017e\u0117je, sud\u0117toje \u012f vien\u0105 d\u0117\u017e\u0119 su dang\u010diu.<\/p>\n<p>Rinkinio sud\u0117tis:<\/p>\n<p>1 x Distiliavimo galvut\u0117<br \/>\n2 x Gavimo adapteris<br \/>\n1 x Oro\/gar\u0173 \u012fvadas<br \/>\n1 x Liebig kondensatorius<br \/>\n1 x Dozavimo piltuv\u0117lis, 100 ml<br \/>\n1 x Redukcinis adapteris<br \/>\n1 x Daugia\u0161akis adapteris<br \/>\n4 x Apvaliadugn\u0117 kolba<br \/>\n1 x Erlenmejerio kolba, 250 ml<br \/>\n4 x Kam\u0161tis<br \/>\n1 x Termometro \u012fvadas<\/p>\n","protected":false},"excerpt":{"rendered":"<p>16 dali\u0173 distiliavimo rinkinys, skirtas organin\u0117s chemijos eksperimentams.<\/p>\n","protected":false},"featured_media":7129,"comment_status":"open","ping_status":"closed","template":"","meta":{"_acf_changed":false},"product_brand":[305],"product_cat":[284],"product_tag":[],"class_list":{"0":"post-7128","1":"product","2":"type-product","3":"status-publish","4":"has-post-thumbnail","6":"product_brand-findel","7":"product_cat-eksperimentu-rinkiniai","9":"first","10":"instock","11":"taxable","12":"shipping-taxable","13":"purchasable","14":"product-type-simple"},"acf":[],"_links":{"self":[{"href":"https:\/\/gridamokykloms.lt\/en\/wp-json\/wp\/v2\/product\/7128","targetHints":{"allow":["GET"]}}],"collection":[{"href":"https:\/\/gridamokykloms.lt\/en\/wp-json\/wp\/v2\/product"}],"about":[{"href":"https:\/\/gridamokykloms.lt\/en\/wp-json\/wp\/v2\/types\/product"}],"replies":[{"embeddable":true,"href":"https:\/\/gridamokykloms.lt\/en\/wp-json\/wp\/v2\/comments?post=7128"}],"wp:featuredmedia":[{"embeddable":true,"href":"https:\/\/gridamokykloms.lt\/en\/wp-json\/wp\/v2\/media\/7129"}],"wp:attachment":[{"href":"https:\/\/gridamokykloms.lt\/en\/wp-json\/wp\/v2\/media?parent=7128"}],"wp:term":[{"taxonomy":"product_brand","embeddable":true,"href":"https:\/\/gridamokykloms.lt\/en\/wp-json\/wp\/v2\/product_brand?post=7128"},{"taxonomy":"product_cat","embeddable":true,"href":"https:\/\/gridamokykloms.lt\/en\/wp-json\/wp\/v2\/product_cat?post=7128"},{"taxonomy":"product_tag","embeddable":true,"href":"https:\/\/gridamokykloms.lt\/en\/wp-json\/wp\/v2\/product_tag?post=7128"}],"curies":[{"name":"wp","href":"https:\/\/api.w.org\/{rel}","templated":true}]}}