{"id":7134,"date":"2025-08-05T13:47:02","date_gmt":"2025-08-05T13:47:02","guid":{"rendered":"https:\/\/gridamokykloms.lt\/produktas\/molekuliniu-orbitaliu-organiniu-strukturu-rinkinys\/"},"modified":"2025-08-05T13:47:02","modified_gmt":"2025-08-05T13:47:02","slug":"molekuliniu-orbitaliu-organiniu-strukturu-rinkinys","status":"publish","type":"product","link":"https:\/\/gridamokykloms.lt\/en\/produktas\/molekuliniu-orbitaliu-organiniu-strukturu-rinkinys\/","title":{"rendered":"Molekulini\u0173 orbitali\u0173 organini\u0173 strukt\u016br\u0173 rinkinys"},"content":{"rendered":"<p>Rinkinys skirtas molekulini\u0173 orbitali\u0173 modeliavimui organiniuose junginiuose. Jis leid\u017eia sukurti benzeno, etano, eteno ir etino modelius, naudojant spalvi\u0161kai pa\u017eym\u0117tas atom\u0173 \u0161erdeles bei orbitali\u0173 formas. Rinkinio komponentai padeda mokiniams suprasti sigmos ir pi ry\u0161ius, elektron\u0173 delokalizacijos s\u0105vok\u0105 bei orbitali\u0173 hibridizacij\u0105.<\/p>\n<p>Rinkinio sud\u0117tis:<\/p>\n<p>12 anglies atom\u0173 (su 4\u20136 skylut\u0117mis)<br \/>\n18 vandenilio atom\u0173<br \/>\n9 anglies\u2013anglies sigmos ry\u0161iai<br \/>\n18 anglies\u2013vandenilio sigmos ry\u0161iai<br \/>\n9 pi ry\u0161iai (i\u0161 21 ro\u017ein\u0117s ir 21 violetin\u0117s dalies)<\/p>\n","protected":false},"excerpt":{"rendered":"<p>Rinkinys leid\u017eia modeliuoti organinius junginius, atvaizduojant sigmos ir pi ry\u0161ius bei orbitali\u0173 hibridizacij\u0105.<\/p>\n","protected":false},"featured_media":7135,"comment_status":"open","ping_status":"closed","template":"","meta":{"_acf_changed":false},"product_brand":[305],"product_cat":[285],"product_tag":[],"class_list":{"0":"post-7134","1":"product","2":"type-product","3":"status-publish","4":"has-post-thumbnail","6":"product_brand-findel","7":"product_cat-medziagos-ir-ju-savybes","9":"first","10":"instock","11":"taxable","12":"shipping-taxable","13":"purchasable","14":"product-type-simple"},"acf":[],"_links":{"self":[{"href":"https:\/\/gridamokykloms.lt\/en\/wp-json\/wp\/v2\/product\/7134","targetHints":{"allow":["GET"]}}],"collection":[{"href":"https:\/\/gridamokykloms.lt\/en\/wp-json\/wp\/v2\/product"}],"about":[{"href":"https:\/\/gridamokykloms.lt\/en\/wp-json\/wp\/v2\/types\/product"}],"replies":[{"embeddable":true,"href":"https:\/\/gridamokykloms.lt\/en\/wp-json\/wp\/v2\/comments?post=7134"}],"wp:featuredmedia":[{"embeddable":true,"href":"https:\/\/gridamokykloms.lt\/en\/wp-json\/wp\/v2\/media\/7135"}],"wp:attachment":[{"href":"https:\/\/gridamokykloms.lt\/en\/wp-json\/wp\/v2\/media?parent=7134"}],"wp:term":[{"taxonomy":"product_brand","embeddable":true,"href":"https:\/\/gridamokykloms.lt\/en\/wp-json\/wp\/v2\/product_brand?post=7134"},{"taxonomy":"product_cat","embeddable":true,"href":"https:\/\/gridamokykloms.lt\/en\/wp-json\/wp\/v2\/product_cat?post=7134"},{"taxonomy":"product_tag","embeddable":true,"href":"https:\/\/gridamokykloms.lt\/en\/wp-json\/wp\/v2\/product_tag?post=7134"}],"curies":[{"name":"wp","href":"https:\/\/api.w.org\/{rel}","templated":true}]}}