{"id":7136,"date":"2025-08-05T13:47:02","date_gmt":"2025-08-05T13:47:02","guid":{"rendered":"https:\/\/gridamokykloms.lt\/produktas\/mokytojo-atomo-modelis\/"},"modified":"2025-08-05T13:47:02","modified_gmt":"2025-08-05T13:47:02","slug":"mokytojo-atomo-modelis","status":"publish","type":"product","link":"https:\/\/gridamokykloms.lt\/en\/produktas\/mokytojo-atomo-modelis\/","title":{"rendered":"Mokytojo atomo modelis"},"content":{"rendered":"<p>\u201eBRIGHT Teacher Atom\u201c \u2013 unikalus, magnetinis atomo modelis, sukurtas specialiai demonstravimui ant baltosios lentos. Puikiai tinka pad\u0117ti mokiniams suprasti sud\u0117tingas s\u0105vokas, tokias kaip atomo sandara, izotopai ar jonai.<\/p>\n<p>Visos modelio dalys (i\u0161skyrus laikymo lentel\u0119) yra atskiriamos ir magnetin\u0117s, tod\u0117l galima naudoti tik tas dalis, kurios reikalingos konkre\u010diam paai\u0161kinimui. Rinkinys leid\u017eia pademonstruoti dviej\u0173 atom\u0173 arba vieno jono formavim\u0105si.<\/p>\n<p>Komplekt\u0105 sudaro:<\/p>\n<p>2 atomo branduoliai<br \/>\n8 elektron\u0173 sluoksniai<br \/>\n20 proton\u0173<br \/>\n20 neutron\u0173<br \/>\n20 elektron\u0173<\/p>\n","protected":false},"excerpt":{"rendered":"<p>Magnetinis demonstracinis modelis atom\u0173 sandaros, jon\u0173 ir izotop\u0173 ai\u0161kinimui klasei.<\/p>\n","protected":false},"featured_media":7137,"comment_status":"open","ping_status":"closed","template":"","meta":{"_acf_changed":false},"product_brand":[305],"product_cat":[285],"product_tag":[],"class_list":{"0":"post-7136","1":"product","2":"type-product","3":"status-publish","4":"has-post-thumbnail","6":"product_brand-findel","7":"product_cat-medziagos-ir-ju-savybes","9":"first","10":"instock","11":"taxable","12":"shipping-taxable","13":"purchasable","14":"product-type-simple"},"acf":[],"_links":{"self":[{"href":"https:\/\/gridamokykloms.lt\/en\/wp-json\/wp\/v2\/product\/7136","targetHints":{"allow":["GET"]}}],"collection":[{"href":"https:\/\/gridamokykloms.lt\/en\/wp-json\/wp\/v2\/product"}],"about":[{"href":"https:\/\/gridamokykloms.lt\/en\/wp-json\/wp\/v2\/types\/product"}],"replies":[{"embeddable":true,"href":"https:\/\/gridamokykloms.lt\/en\/wp-json\/wp\/v2\/comments?post=7136"}],"wp:featuredmedia":[{"embeddable":true,"href":"https:\/\/gridamokykloms.lt\/en\/wp-json\/wp\/v2\/media\/7137"}],"wp:attachment":[{"href":"https:\/\/gridamokykloms.lt\/en\/wp-json\/wp\/v2\/media?parent=7136"}],"wp:term":[{"taxonomy":"product_brand","embeddable":true,"href":"https:\/\/gridamokykloms.lt\/en\/wp-json\/wp\/v2\/product_brand?post=7136"},{"taxonomy":"product_cat","embeddable":true,"href":"https:\/\/gridamokykloms.lt\/en\/wp-json\/wp\/v2\/product_cat?post=7136"},{"taxonomy":"product_tag","embeddable":true,"href":"https:\/\/gridamokykloms.lt\/en\/wp-json\/wp\/v2\/product_tag?post=7136"}],"curies":[{"name":"wp","href":"https:\/\/api.w.org\/{rel}","templated":true}]}}