{"id":7138,"date":"2025-08-05T13:47:02","date_gmt":"2025-08-05T13:47:02","guid":{"rendered":"https:\/\/gridamokykloms.lt\/produktas\/modeliu-rinkinys\/"},"modified":"2025-08-05T13:47:02","modified_gmt":"2025-08-05T13:47:02","slug":"modeliu-rinkinys","status":"publish","type":"product","link":"https:\/\/gridamokykloms.lt\/en\/produktas\/modeliu-rinkinys\/","title":{"rendered":"Modeli\u0173 rinkinys"},"content":{"rendered":"<p>Biochemijos modeli\u0173 rinkinys skirtas studentams, norintiems kurti tikslius, spalvomis pa\u017eym\u0117tus trima\u010dius molekulinius modelius. Rinkinys leid\u017eia sudaryti daugel\u012f svarbiausi\u0173 strukt\u016br\u0173, reikaling\u0173 molekulin\u0117s biologijos ir biochemijos studijoms.<\/p>\n<p>Rinkin\u012f sudaro:<\/p>\n<p>12 x anglies atomai<br \/>\n9 x anglies atomai<br \/>\n13 x deguonies atomai<br \/>\n11 x azoto atomai<br \/>\n1 x siera atomai<br \/>\n1 x fosforas atomai<br \/>\n25 x vandenilio atomai<br \/>\n40 x jungtys<\/p>\n","protected":false},"excerpt":{"rendered":"<p>Spalvot\u0173 3D molekulini\u0173 modeli\u0173 rinkinys molekulinei biologijai ir biochemijai mokytis.<\/p>\n","protected":false},"featured_media":7139,"comment_status":"open","ping_status":"closed","template":"","meta":{"_acf_changed":false},"product_brand":[305],"product_cat":[285],"product_tag":[],"class_list":{"0":"post-7138","1":"product","2":"type-product","3":"status-publish","4":"has-post-thumbnail","6":"product_brand-findel","7":"product_cat-medziagos-ir-ju-savybes","9":"first","10":"instock","11":"taxable","12":"shipping-taxable","13":"purchasable","14":"product-type-simple"},"acf":[],"_links":{"self":[{"href":"https:\/\/gridamokykloms.lt\/en\/wp-json\/wp\/v2\/product\/7138","targetHints":{"allow":["GET"]}}],"collection":[{"href":"https:\/\/gridamokykloms.lt\/en\/wp-json\/wp\/v2\/product"}],"about":[{"href":"https:\/\/gridamokykloms.lt\/en\/wp-json\/wp\/v2\/types\/product"}],"replies":[{"embeddable":true,"href":"https:\/\/gridamokykloms.lt\/en\/wp-json\/wp\/v2\/comments?post=7138"}],"wp:featuredmedia":[{"embeddable":true,"href":"https:\/\/gridamokykloms.lt\/en\/wp-json\/wp\/v2\/media\/7139"}],"wp:attachment":[{"href":"https:\/\/gridamokykloms.lt\/en\/wp-json\/wp\/v2\/media?parent=7138"}],"wp:term":[{"taxonomy":"product_brand","embeddable":true,"href":"https:\/\/gridamokykloms.lt\/en\/wp-json\/wp\/v2\/product_brand?post=7138"},{"taxonomy":"product_cat","embeddable":true,"href":"https:\/\/gridamokykloms.lt\/en\/wp-json\/wp\/v2\/product_cat?post=7138"},{"taxonomy":"product_tag","embeddable":true,"href":"https:\/\/gridamokykloms.lt\/en\/wp-json\/wp\/v2\/product_tag?post=7138"}],"curies":[{"name":"wp","href":"https:\/\/api.w.org\/{rel}","templated":true}]}}