{"id":7140,"date":"2025-08-05T13:47:02","date_gmt":"2025-08-05T13:47:02","guid":{"rendered":"https:\/\/gridamokykloms.lt\/produktas\/neorganines-organines-chemijos-modeliu-rinkinys\/"},"modified":"2025-08-05T13:47:02","modified_gmt":"2025-08-05T13:47:02","slug":"neorganines-organines-chemijos-modeliu-rinkinys","status":"publish","type":"product","link":"https:\/\/gridamokykloms.lt\/en\/produktas\/neorganines-organines-chemijos-modeliu-rinkinys\/","title":{"rendered":"Neorganin\u0117s\/Organin\u0117s chemijos modeli\u0173 rinkinys"},"content":{"rendered":"<p>Neorganin\u0117s\/Organin\u0117s chemijos modeli\u0173 rinkinys studentams leid\u017eia kurti \u012fvairius atvirus 3D molekuli\u0173 modelius \u2013 nuo amin\u0173 ir neorganini\u0173 r\u016bg\u0161\u010di\u0173 iki metal\u0173 oksid\u0173 ir paprast\u0173 organini\u0173 jungini\u0173. Spalvi\u0161kai koduoti atom\u0173 elementai ir jungtys leid\u017eia lengvai suprasti molekul\u0117s strukt\u016br\u0105 bei ry\u0161ius tarp atom\u0173. Rinkinys pateikiamas patogioje plastikin\u0117je d\u0117\u017eut\u0117je.<\/p>\n","protected":false},"excerpt":{"rendered":"<p>Spalvotas 3D molekuli\u0173 modeli\u0173 rinkinys, skirtas neorganiniams ir organiniams junginiams modeliuoti.<\/p>\n","protected":false},"featured_media":7141,"comment_status":"open","ping_status":"closed","template":"","meta":{"_acf_changed":false},"product_brand":[305],"product_cat":[285],"product_tag":[],"class_list":{"0":"post-7140","1":"product","2":"type-product","3":"status-publish","4":"has-post-thumbnail","6":"product_brand-findel","7":"product_cat-medziagos-ir-ju-savybes","9":"first","10":"instock","11":"taxable","12":"shipping-taxable","13":"purchasable","14":"product-type-simple"},"acf":[],"_links":{"self":[{"href":"https:\/\/gridamokykloms.lt\/en\/wp-json\/wp\/v2\/product\/7140","targetHints":{"allow":["GET"]}}],"collection":[{"href":"https:\/\/gridamokykloms.lt\/en\/wp-json\/wp\/v2\/product"}],"about":[{"href":"https:\/\/gridamokykloms.lt\/en\/wp-json\/wp\/v2\/types\/product"}],"replies":[{"embeddable":true,"href":"https:\/\/gridamokykloms.lt\/en\/wp-json\/wp\/v2\/comments?post=7140"}],"wp:featuredmedia":[{"embeddable":true,"href":"https:\/\/gridamokykloms.lt\/en\/wp-json\/wp\/v2\/media\/7141"}],"wp:attachment":[{"href":"https:\/\/gridamokykloms.lt\/en\/wp-json\/wp\/v2\/media?parent=7140"}],"wp:term":[{"taxonomy":"product_brand","embeddable":true,"href":"https:\/\/gridamokykloms.lt\/en\/wp-json\/wp\/v2\/product_brand?post=7140"},{"taxonomy":"product_cat","embeddable":true,"href":"https:\/\/gridamokykloms.lt\/en\/wp-json\/wp\/v2\/product_cat?post=7140"},{"taxonomy":"product_tag","embeddable":true,"href":"https:\/\/gridamokykloms.lt\/en\/wp-json\/wp\/v2\/product_tag?post=7140"}],"curies":[{"name":"wp","href":"https:\/\/api.w.org\/{rel}","templated":true}]}}