{"id":7142,"date":"2025-08-05T13:47:02","date_gmt":"2025-08-05T13:47:02","guid":{"rendered":"https:\/\/gridamokykloms.lt\/produktas\/organines-chemijos-rinkinys\/"},"modified":"2025-08-05T13:47:02","modified_gmt":"2025-08-05T13:47:02","slug":"organines-chemijos-rinkinys","status":"publish","type":"product","link":"https:\/\/gridamokykloms.lt\/en\/produktas\/organines-chemijos-rinkinys\/","title":{"rendered":"Organin\u0117s chemijos rinkinys"},"content":{"rendered":"<p>Organin\u0117s chemijos rinkinys studentams leid\u017eia konstruoti spalvi\u0161kai pa\u017eym\u0117tus, kokybi\u0161kus trima\u010dius organini\u0173 jungini\u0173 modelius. Kietos plastikin\u0117s atom\u0173 dalys turi nuo 1 iki 6 skyli\u0173, i\u0161d\u0117styt\u0173 pagal tikrus molekulinius kampus. Visi komponentai laikomi tvirtame ir kompakti\u0161kame plastikiniame d\u0117kle.<\/p>\n<p>Rinkinio sud\u0117tis:<\/p>\n<p>20 vandenilio atom\u0173<br \/>\n12 anglies atom\u0173<br \/>\n4 azoto atomai<br \/>\n6 deguonies atomai<br \/>\n2 sieros atomai<br \/>\n4 halogenai<br \/>\n1 metalo atomas<br \/>\n1 fosforo atomas<\/p>\n<p>Jungtys:<\/p>\n<p>26 trumpos jungtys<br \/>\n26 vidutinio ilgio jungtys<br \/>\n12 ilgesn\u0117s lanks\u010dios jungtys<\/p>\n","protected":false},"excerpt":{"rendered":"<p>Rinkinys skirtas organini\u0173 molekuli\u0173 ir izomerijos form\u0173 modeliavimui 3D formatu.<\/p>\n","protected":false},"featured_media":7143,"comment_status":"open","ping_status":"closed","template":"","meta":{"_acf_changed":false},"product_brand":[305],"product_cat":[285],"product_tag":[],"class_list":{"0":"post-7142","1":"product","2":"type-product","3":"status-publish","4":"has-post-thumbnail","6":"product_brand-findel","7":"product_cat-medziagos-ir-ju-savybes","9":"first","10":"instock","11":"taxable","12":"shipping-taxable","13":"purchasable","14":"product-type-simple"},"acf":[],"_links":{"self":[{"href":"https:\/\/gridamokykloms.lt\/en\/wp-json\/wp\/v2\/product\/7142","targetHints":{"allow":["GET"]}}],"collection":[{"href":"https:\/\/gridamokykloms.lt\/en\/wp-json\/wp\/v2\/product"}],"about":[{"href":"https:\/\/gridamokykloms.lt\/en\/wp-json\/wp\/v2\/types\/product"}],"replies":[{"embeddable":true,"href":"https:\/\/gridamokykloms.lt\/en\/wp-json\/wp\/v2\/comments?post=7142"}],"wp:featuredmedia":[{"embeddable":true,"href":"https:\/\/gridamokykloms.lt\/en\/wp-json\/wp\/v2\/media\/7143"}],"wp:attachment":[{"href":"https:\/\/gridamokykloms.lt\/en\/wp-json\/wp\/v2\/media?parent=7142"}],"wp:term":[{"taxonomy":"product_brand","embeddable":true,"href":"https:\/\/gridamokykloms.lt\/en\/wp-json\/wp\/v2\/product_brand?post=7142"},{"taxonomy":"product_cat","embeddable":true,"href":"https:\/\/gridamokykloms.lt\/en\/wp-json\/wp\/v2\/product_cat?post=7142"},{"taxonomy":"product_tag","embeddable":true,"href":"https:\/\/gridamokykloms.lt\/en\/wp-json\/wp\/v2\/product_tag?post=7142"}],"curies":[{"name":"wp","href":"https:\/\/api.w.org\/{rel}","templated":true}]}}