{"id":7144,"date":"2025-08-05T13:47:02","date_gmt":"2025-08-05T13:47:02","guid":{"rendered":"https:\/\/gridamokykloms.lt\/produktas\/saules-zemes-ir-menulio-modelis\/"},"modified":"2025-08-05T13:47:02","modified_gmt":"2025-08-05T13:47:02","slug":"saules-zemes-ir-menulio-modelis","status":"publish","type":"product","link":"https:\/\/gridamokykloms.lt\/en\/produktas\/saules-zemes-ir-menulio-modelis\/","title":{"rendered":"Saul\u0117s, \u017dem\u0117s ir M\u0117nulio modelis"},"content":{"rendered":"<p>Auk\u0161tos kokyb\u0117s astronominis modelis, skirtas vizualiai pavaizduoti Saul\u0117s, \u017dem\u0117s ir M\u0117nulio tarpusavio judesius. Tiksliai sureguliuotas mechanizmas leid\u017eia demonstruoti m\u0117nesi\u0173 kait\u0105 \u017demei sukantis aplink Saul\u0119.<\/p>\n<p>Modelis padeda suprasti svarbiausius astronominius rei\u0161kinius: dienos ir nakties kait\u0105, met\u0173 laikus, M\u0117nulio fazes, Saul\u0117s ir M\u0117nulio u\u017etemimus, \u0161e\u0161\u0117li\u0173 ilg\u0117jim\u0105 ir trump\u0117jim\u0105, Saul\u0117s keli\u0105 danguje. Sukant model\u012f galima steb\u0117ti, kaip \u017dem\u0117 sukasi apie savo a\u0161\u012f ir skrieja aplink Saul\u0119, o M\u0117nulis sukasi aplink \u017dem\u0119. Ap\u0161vietus \u201eSaul\u0119\u201c, galima imituoti \u0161e\u0161\u0117lius, paros laik\u0105 ar sezoninius poky\u010dius.<\/p>\n<p>Matmenys: 65 cm ilgio, 25 cm auk\u0161\u010dio<br \/>\nKomplekte yra maitinimo transformatorius.<\/p>\n","protected":false},"excerpt":{"rendered":"<p>Interaktyvus astronomijos modelis mokymuisi apie \u017dem\u0117s, Saul\u0117s ir M\u0117nulio jud\u0117jim\u0105 bei j\u0173 sukeliamus rei\u0161kinius.<\/p>\n","protected":false},"featured_media":7145,"comment_status":"open","ping_status":"closed","template":"","meta":{"_acf_changed":false},"product_brand":[305],"product_cat":[276],"product_tag":[],"class_list":{"0":"post-7144","1":"product","2":"type-product","3":"status-publish","4":"has-post-thumbnail","6":"product_brand-findel","7":"product_cat-astronomija-ir-zemes-mokslai","9":"first","10":"instock","11":"taxable","12":"shipping-taxable","13":"purchasable","14":"product-type-simple"},"acf":[],"_links":{"self":[{"href":"https:\/\/gridamokykloms.lt\/en\/wp-json\/wp\/v2\/product\/7144","targetHints":{"allow":["GET"]}}],"collection":[{"href":"https:\/\/gridamokykloms.lt\/en\/wp-json\/wp\/v2\/product"}],"about":[{"href":"https:\/\/gridamokykloms.lt\/en\/wp-json\/wp\/v2\/types\/product"}],"replies":[{"embeddable":true,"href":"https:\/\/gridamokykloms.lt\/en\/wp-json\/wp\/v2\/comments?post=7144"}],"wp:featuredmedia":[{"embeddable":true,"href":"https:\/\/gridamokykloms.lt\/en\/wp-json\/wp\/v2\/media\/7145"}],"wp:attachment":[{"href":"https:\/\/gridamokykloms.lt\/en\/wp-json\/wp\/v2\/media?parent=7144"}],"wp:term":[{"taxonomy":"product_brand","embeddable":true,"href":"https:\/\/gridamokykloms.lt\/en\/wp-json\/wp\/v2\/product_brand?post=7144"},{"taxonomy":"product_cat","embeddable":true,"href":"https:\/\/gridamokykloms.lt\/en\/wp-json\/wp\/v2\/product_cat?post=7144"},{"taxonomy":"product_tag","embeddable":true,"href":"https:\/\/gridamokykloms.lt\/en\/wp-json\/wp\/v2\/product_tag?post=7144"}],"curies":[{"name":"wp","href":"https:\/\/api.w.org\/{rel}","templated":true}]}}