{"id":7146,"date":"2025-08-05T13:47:02","date_gmt":"2025-08-05T13:47:02","guid":{"rendered":"https:\/\/gridamokykloms.lt\/produktas\/zemes-ir-zvaigzdynu-gaublys\/"},"modified":"2025-08-05T13:47:02","modified_gmt":"2025-08-05T13:47:02","slug":"zemes-ir-zvaigzdynu-gaublys","status":"publish","type":"product","link":"https:\/\/gridamokykloms.lt\/en\/produktas\/zemes-ir-zvaigzdynu-gaublys\/","title":{"rendered":"\u017dem\u0117s ir \u017evaig\u017edyn\u0173 gaublys"},"content":{"rendered":"<p>Gaublys 2 viename \u2013 tai interaktyvus mokymosi \u012frankis, kuris dien\u0105 rodo detal\u0173 politin\u012f ir gamtin\u012f pasaulio \u017eem\u0117lap\u012f, o sutemus automati\u0161kai pavirsta \u017evaig\u017edyn\u0173 projekcija.<\/p>\n<p>Dienos metu 228 mm skersmens gaublyje ai\u0161kiai pa\u017eym\u0117tos valstybi\u0173 sienos, sostin\u0117s, didieji miestai, e\u017eerai, up\u0117s ir kiti geografiniai objektai (mastelis 1:55 900 000).<br \/>\nNakt\u012f, automatinis \u0161viesos jutiklis \u012fjungia LED ap\u0161vietim\u0105, kuris atskleid\u017eia pagrindinius \u017evaig\u017edynus ir \u017evaig\u017edes, pa\u017eym\u0117tas tiek lotyni\u0161kais, tiek \u012fprastiniais pavadinimais.<\/p>\n<p>Gaublyje \u012fmontuotas lizdas, leid\u017eiantis naudoti maitinimo adapter\u012f (nepridedamas), taip pat galima naudoti 4 x C tipo baterijas (nepridedamos). Jutikl\u012f galima i\u0161jungti norint taupyti energij\u0105.<\/p>\n","protected":false},"excerpt":{"rendered":"<p>Dien\u0105 \u2013 \u017eem\u0117lapi\u0173 gaublys, nakt\u012f \u2013 ap\u0161viestas \u017evaig\u017edyn\u0173 \u017eem\u0117lapis su automatinio ap\u0161vietimo jutikliu.<\/p>\n","protected":false},"featured_media":7147,"comment_status":"open","ping_status":"closed","template":"","meta":{"_acf_changed":false},"product_brand":[305],"product_cat":[276],"product_tag":[],"class_list":{"0":"post-7146","1":"product","2":"type-product","3":"status-publish","4":"has-post-thumbnail","6":"product_brand-findel","7":"product_cat-astronomija-ir-zemes-mokslai","9":"first","10":"instock","11":"taxable","12":"shipping-taxable","13":"purchasable","14":"product-type-simple"},"acf":[],"_links":{"self":[{"href":"https:\/\/gridamokykloms.lt\/en\/wp-json\/wp\/v2\/product\/7146","targetHints":{"allow":["GET"]}}],"collection":[{"href":"https:\/\/gridamokykloms.lt\/en\/wp-json\/wp\/v2\/product"}],"about":[{"href":"https:\/\/gridamokykloms.lt\/en\/wp-json\/wp\/v2\/types\/product"}],"replies":[{"embeddable":true,"href":"https:\/\/gridamokykloms.lt\/en\/wp-json\/wp\/v2\/comments?post=7146"}],"wp:featuredmedia":[{"embeddable":true,"href":"https:\/\/gridamokykloms.lt\/en\/wp-json\/wp\/v2\/media\/7147"}],"wp:attachment":[{"href":"https:\/\/gridamokykloms.lt\/en\/wp-json\/wp\/v2\/media?parent=7146"}],"wp:term":[{"taxonomy":"product_brand","embeddable":true,"href":"https:\/\/gridamokykloms.lt\/en\/wp-json\/wp\/v2\/product_brand?post=7146"},{"taxonomy":"product_cat","embeddable":true,"href":"https:\/\/gridamokykloms.lt\/en\/wp-json\/wp\/v2\/product_cat?post=7146"},{"taxonomy":"product_tag","embeddable":true,"href":"https:\/\/gridamokykloms.lt\/en\/wp-json\/wp\/v2\/product_tag?post=7146"}],"curies":[{"name":"wp","href":"https:\/\/api.w.org\/{rel}","templated":true}]}}