{"id":7148,"date":"2025-08-05T13:47:02","date_gmt":"2025-08-05T13:47:02","guid":{"rendered":"https:\/\/gridamokykloms.lt\/produktas\/mini-anemometras\/"},"modified":"2025-08-05T13:47:02","modified_gmt":"2025-08-05T13:47:02","slug":"mini-anemometras","status":"publish","type":"product","link":"https:\/\/gridamokykloms.lt\/en\/produktas\/mini-anemometras\/","title":{"rendered":"Mini anemometras"},"content":{"rendered":"<p>Mini anemometras \u2013 tai lengvas, ne\u0161iojamas prietaisas, skirtas matuoti v\u0117jo greit\u012f ir oro temperat\u016br\u0105. Naudojant pa\u017eangi\u0105 magnetinio jutiklio technologij\u0105, matavim\u0173 rezultatai ai\u0161kiai pateikiami LCD ekrane.<\/p>\n<p>Puikiai tinka naudoti lauko eksperimentuose, sporto renginiuose, navigacijoje, \u0161ildymo ir v\u0117dinimo (HVAC) srityse ar kitose situacijose, kai svarbu \u012fvertinti oro jud\u0117jim\u0105.<\/p>\n<p>Technin\u0117s savyb\u0117s:<\/p>\n<p>V\u0117jo greitis: 0\u201330 m\/s (tikslumas \u00b15 %, +0.5)<br \/>\nTemperat\u016bros matavimas: nuo \u201310 \u00b0C iki +50 \u00b0C (tikslumas \u00b12 \u00b0C)<br \/>\nM\u0117gini\u0173 \u0117mimo da\u017enis: 2 kartai per sekund\u0119<br \/>\nWindchill (v\u0117jo \u0161al\u010dio) indikacija<br \/>\nFunkcijos: MAX\/AVG, HOLD, automatinis i\u0161sijungimas po 5 min, foninis ap\u0161vietimas<br \/>\nI\u0161matavimai: 160 x 50 x 28 mm<br \/>\nMaitinimas: 3 x AAA baterijos (nepridedamos)<\/p>\n","protected":false},"excerpt":{"rendered":"<p>Kompakti\u0161kas v\u0117jo grei\u010dio ir temperat\u016bros matuoklis su LCD ekranu.<\/p>\n","protected":false},"featured_media":7149,"comment_status":"open","ping_status":"closed","template":"","meta":{"_acf_changed":false},"product_brand":[305],"product_cat":[286],"product_tag":[],"class_list":{"0":"post-7148","1":"product","2":"type-product","3":"status-publish","4":"has-post-thumbnail","6":"product_brand-findel","7":"product_cat-jutikliai","9":"first","10":"instock","11":"taxable","12":"shipping-taxable","13":"purchasable","14":"product-type-simple"},"acf":[],"_links":{"self":[{"href":"https:\/\/gridamokykloms.lt\/en\/wp-json\/wp\/v2\/product\/7148","targetHints":{"allow":["GET"]}}],"collection":[{"href":"https:\/\/gridamokykloms.lt\/en\/wp-json\/wp\/v2\/product"}],"about":[{"href":"https:\/\/gridamokykloms.lt\/en\/wp-json\/wp\/v2\/types\/product"}],"replies":[{"embeddable":true,"href":"https:\/\/gridamokykloms.lt\/en\/wp-json\/wp\/v2\/comments?post=7148"}],"wp:featuredmedia":[{"embeddable":true,"href":"https:\/\/gridamokykloms.lt\/en\/wp-json\/wp\/v2\/media\/7149"}],"wp:attachment":[{"href":"https:\/\/gridamokykloms.lt\/en\/wp-json\/wp\/v2\/media?parent=7148"}],"wp:term":[{"taxonomy":"product_brand","embeddable":true,"href":"https:\/\/gridamokykloms.lt\/en\/wp-json\/wp\/v2\/product_brand?post=7148"},{"taxonomy":"product_cat","embeddable":true,"href":"https:\/\/gridamokykloms.lt\/en\/wp-json\/wp\/v2\/product_cat?post=7148"},{"taxonomy":"product_tag","embeddable":true,"href":"https:\/\/gridamokykloms.lt\/en\/wp-json\/wp\/v2\/product_tag?post=7148"}],"curies":[{"name":"wp","href":"https:\/\/api.w.org\/{rel}","templated":true}]}}