{"id":7150,"date":"2025-08-05T13:47:01","date_gmt":"2025-08-05T13:47:01","guid":{"rendered":"https:\/\/gridamokykloms.lt\/produktas\/skaitmeninis-binokulinis-mikroskopas\/"},"modified":"2025-08-05T13:47:01","modified_gmt":"2025-08-05T13:47:01","slug":"skaitmeninis-binokulinis-mikroskopas","status":"publish","type":"product","link":"https:\/\/gridamokykloms.lt\/en\/produktas\/skaitmeninis-binokulinis-mikroskopas\/","title":{"rendered":"Skaitmeninis binokulinis mikroskopas"},"content":{"rendered":"<p>Pa\u017eangus skaitmeninis binokulinis mikroskopas, sukurtas specialiai \u0161vietimo ir mokym\u0173 reikm\u0117ms. Su integruota 3,2 MP skaitmenine kamera ir \u012fkraunama Li-ion baterija, \u0161is modelis leid\u017eia ne tik steb\u0117ti preparatus, bet ir lengvai fiksuoti nuotraukas bei vaizdo \u012fra\u0161us be papildomo maitinimo \u0161altinio.<\/p>\n<p>Techniniai duomenys:<br \/>\nBinokuliarin\u0117 galva yra 30\u00b0 pakreipta, pasukama 360\u00b0<br \/>\n4 viet\u0173 objektyv\u0173 revolveris su 4 skirtingais objektyvais: 4x, 10x, 40x ir 100x didinimu<br \/>\nObjektinis stalelis yra valdomas X &#8211; Y kryptimis ir leid\u017eia tiksliai reguliuoti steb\u0117jimo lauk\u0105<br \/>\nFokusuojamas kondensorius<br \/>\nX-LED ap\u0161vietimas su ry\u0161kumo kontrole<\/p>\n<p>Maitinimas: integruota ilgo veikimo Li-ion baterija, sujungta su universaliu maitinimo \u0161altiniu (100\u2013240V AC \/ 5V DC).<\/p>\n","protected":false},"excerpt":{"rendered":"<p>Skaitmeninis binokulinis mikroskopas su 1000\u00d7 didinimu, integruota 3,2 MP kamera, Li-ion \u012fkraunama baterija ir N-PLAN optika.<\/p>\n","protected":false},"featured_media":7151,"comment_status":"open","ping_status":"closed","template":"","meta":{"_acf_changed":false},"product_brand":[306],"product_cat":[278],"product_tag":[],"class_list":{"0":"post-7150","1":"product","2":"type-product","3":"status-publish","4":"has-post-thumbnail","6":"product_brand-optika-science","7":"product_cat-laboratorine-iranga","9":"first","10":"instock","11":"taxable","12":"shipping-taxable","13":"purchasable","14":"product-type-simple"},"acf":[],"_links":{"self":[{"href":"https:\/\/gridamokykloms.lt\/en\/wp-json\/wp\/v2\/product\/7150","targetHints":{"allow":["GET"]}}],"collection":[{"href":"https:\/\/gridamokykloms.lt\/en\/wp-json\/wp\/v2\/product"}],"about":[{"href":"https:\/\/gridamokykloms.lt\/en\/wp-json\/wp\/v2\/types\/product"}],"replies":[{"embeddable":true,"href":"https:\/\/gridamokykloms.lt\/en\/wp-json\/wp\/v2\/comments?post=7150"}],"wp:featuredmedia":[{"embeddable":true,"href":"https:\/\/gridamokykloms.lt\/en\/wp-json\/wp\/v2\/media\/7151"}],"wp:attachment":[{"href":"https:\/\/gridamokykloms.lt\/en\/wp-json\/wp\/v2\/media?parent=7150"}],"wp:term":[{"taxonomy":"product_brand","embeddable":true,"href":"https:\/\/gridamokykloms.lt\/en\/wp-json\/wp\/v2\/product_brand?post=7150"},{"taxonomy":"product_cat","embeddable":true,"href":"https:\/\/gridamokykloms.lt\/en\/wp-json\/wp\/v2\/product_cat?post=7150"},{"taxonomy":"product_tag","embeddable":true,"href":"https:\/\/gridamokykloms.lt\/en\/wp-json\/wp\/v2\/product_tag?post=7150"}],"curies":[{"name":"wp","href":"https:\/\/api.w.org\/{rel}","templated":true}]}}