{"id":7156,"date":"2025-08-05T13:47:01","date_gmt":"2025-08-05T13:47:01","guid":{"rendered":"https:\/\/gridamokykloms.lt\/produktas\/organine-ir-neorganine-chemija\/"},"modified":"2025-08-05T13:47:01","modified_gmt":"2025-08-05T13:47:01","slug":"organine-ir-neorganine-chemija","status":"publish","type":"product","link":"https:\/\/gridamokykloms.lt\/en\/produktas\/organine-ir-neorganine-chemija\/","title":{"rendered":"Organin\u0117 ir neorganin\u0117 chemija"},"content":{"rendered":"<p>Rinkinys skirtas organini\u0173 ir neorganini\u0173 molekuli\u0173, sud\u0117tini\u0173 jon\u0173 ir kovalentinio vandenilio modeliavimui.<br \/>\nRinkinio sud\u0117tis:<br \/>\n14 metalo atom\u0173<br \/>\n14 vandenilio atom\u0173<br \/>\n8 halogen\u0173 atomai<br \/>\n22 deguonies atomai<br \/>\n13 sieros atom\u0173<br \/>\n10 azoto atom\u0173<br \/>\n12 anglies atom\u0173<br \/>\n7 fosforo atomai<br \/>\n50 jungtys paprastam sujungimui<br \/>\n36 jungtys dvigubam ir trigubam sujungimui<\/p>\n","protected":false},"excerpt":{"rendered":"<p>Rinkinys skirtas organini\u0173 ir neorganini\u0173 molekuli\u0173, sud\u0117tini\u0173 jon\u0173 ir kovalentinio vandenilio modeliavimui.<\/p>\n","protected":false},"featured_media":7157,"comment_status":"open","ping_status":"closed","template":"","meta":{"_acf_changed":false},"product_brand":[306],"product_cat":[275],"product_tag":[],"class_list":{"0":"post-7156","1":"product","2":"type-product","3":"status-publish","4":"has-post-thumbnail","6":"product_brand-optika-science","7":"product_cat-chemija","9":"first","10":"instock","11":"taxable","12":"shipping-taxable","13":"purchasable","14":"product-type-simple"},"acf":[],"_links":{"self":[{"href":"https:\/\/gridamokykloms.lt\/en\/wp-json\/wp\/v2\/product\/7156","targetHints":{"allow":["GET"]}}],"collection":[{"href":"https:\/\/gridamokykloms.lt\/en\/wp-json\/wp\/v2\/product"}],"about":[{"href":"https:\/\/gridamokykloms.lt\/en\/wp-json\/wp\/v2\/types\/product"}],"replies":[{"embeddable":true,"href":"https:\/\/gridamokykloms.lt\/en\/wp-json\/wp\/v2\/comments?post=7156"}],"wp:featuredmedia":[{"embeddable":true,"href":"https:\/\/gridamokykloms.lt\/en\/wp-json\/wp\/v2\/media\/7157"}],"wp:attachment":[{"href":"https:\/\/gridamokykloms.lt\/en\/wp-json\/wp\/v2\/media?parent=7156"}],"wp:term":[{"taxonomy":"product_brand","embeddable":true,"href":"https:\/\/gridamokykloms.lt\/en\/wp-json\/wp\/v2\/product_brand?post=7156"},{"taxonomy":"product_cat","embeddable":true,"href":"https:\/\/gridamokykloms.lt\/en\/wp-json\/wp\/v2\/product_cat?post=7156"},{"taxonomy":"product_tag","embeddable":true,"href":"https:\/\/gridamokykloms.lt\/en\/wp-json\/wp\/v2\/product_tag?post=7156"}],"curies":[{"name":"wp","href":"https:\/\/api.w.org\/{rel}","templated":true}]}}