{"id":7158,"date":"2025-08-05T13:47:01","date_gmt":"2025-08-05T13:47:01","guid":{"rendered":"https:\/\/gridamokykloms.lt\/produktas\/analitines-svarstykles\/"},"modified":"2025-08-05T13:47:01","modified_gmt":"2025-08-05T13:47:01","slug":"analitines-svarstykles","status":"publish","type":"product","link":"https:\/\/gridamokykloms.lt\/en\/produktas\/analitines-svarstykles\/","title":{"rendered":"Analitin\u0117s svarstykl\u0117s"},"content":{"rendered":"<p>Itin tikslios svarstykl\u0117s su automatiniu vidaus kalibravimu, maksimalus sv\u0117rimo paj\u0117gumas 220 g, skaitomumas \u2013 0,0001 g. Puikiai tinka laboratoriniam naudojimui.<\/p>\n<p>Techniniai duomenys:<br \/>\nMaksimali sv\u0117rimo riba: 220 g<br \/>\nSkaitomumas: 0,0001 g (0,1 mg)<br \/>\nLiniji\u0161kumas: \u00b1 0,0004 g<br \/>\nStabilizacijos laikas: 3 s<br \/>\nMatavimo vienetai: g, ct, lb, oz, PCS, %<br \/>\nVidinis automatinis kalibravimas<br \/>\nNer\u016bdijan\u010dio plieno sv\u0117rimo pavir\u0161ius (\u00d8 90 mm)<br \/>\nKorpusas: lietas aliuminis ir plastikas<br \/>\nMatmenys: 230 mm \u00d7 310 mm \u00d7 330 mm<\/p>\n","protected":false},"excerpt":{"rendered":"<p>Itin tikslios svarstykl\u0117s su automatiniu vidaus kalibravimu, maksimalus sv\u0117rimo paj\u0117gumas 220 g.<\/p>\n","protected":false},"featured_media":7159,"comment_status":"open","ping_status":"closed","template":"","meta":{"_acf_changed":false},"product_brand":[307],"product_cat":[278],"product_tag":[],"class_list":{"0":"post-7158","1":"product","2":"type-product","3":"status-publish","4":"has-post-thumbnail","6":"product_brand-kern","7":"product_cat-laboratorine-iranga","9":"first","10":"instock","11":"taxable","12":"shipping-taxable","13":"purchasable","14":"product-type-simple"},"acf":[],"_links":{"self":[{"href":"https:\/\/gridamokykloms.lt\/en\/wp-json\/wp\/v2\/product\/7158","targetHints":{"allow":["GET"]}}],"collection":[{"href":"https:\/\/gridamokykloms.lt\/en\/wp-json\/wp\/v2\/product"}],"about":[{"href":"https:\/\/gridamokykloms.lt\/en\/wp-json\/wp\/v2\/types\/product"}],"replies":[{"embeddable":true,"href":"https:\/\/gridamokykloms.lt\/en\/wp-json\/wp\/v2\/comments?post=7158"}],"wp:featuredmedia":[{"embeddable":true,"href":"https:\/\/gridamokykloms.lt\/en\/wp-json\/wp\/v2\/media\/7159"}],"wp:attachment":[{"href":"https:\/\/gridamokykloms.lt\/en\/wp-json\/wp\/v2\/media?parent=7158"}],"wp:term":[{"taxonomy":"product_brand","embeddable":true,"href":"https:\/\/gridamokykloms.lt\/en\/wp-json\/wp\/v2\/product_brand?post=7158"},{"taxonomy":"product_cat","embeddable":true,"href":"https:\/\/gridamokykloms.lt\/en\/wp-json\/wp\/v2\/product_cat?post=7158"},{"taxonomy":"product_tag","embeddable":true,"href":"https:\/\/gridamokykloms.lt\/en\/wp-json\/wp\/v2\/product_tag?post=7158"}],"curies":[{"name":"wp","href":"https:\/\/api.w.org\/{rel}","templated":true}]}}