{"id":7164,"date":"2025-08-05T13:47:01","date_gmt":"2025-08-05T13:47:01","guid":{"rendered":"https:\/\/gridamokykloms.lt\/produktas\/mini-dnr-molekules-modelio-rinkinys-22-sluoksniu-dviguba-spirale\/"},"modified":"2025-08-05T13:47:01","modified_gmt":"2025-08-05T13:47:01","slug":"mini-dnr-molekules-modelio-rinkinys-22-sluoksniu-dviguba-spirale","status":"publish","type":"product","link":"https:\/\/gridamokykloms.lt\/en\/produktas\/mini-dnr-molekules-modelio-rinkinys-22-sluoksniu-dviguba-spirale\/","title":{"rendered":"Mini DNR molekul\u0117s modelio rinkinys \u2013 22 sluoksni\u0173 dviguba spiral\u0117"},"content":{"rendered":"<p>\u0160is mini DNR molekulinis rinkinys yra puiki mokomoji priemon\u0117, padedanti suprasti DNR strukt\u016br\u0105 ir bazini\u0173 por\u0173 jungim\u0105si. Rinkin\u012f sudaro spalvotai pa\u017eym\u0117ti, abstrak\u010dios formos elementai, vaizduojantys azotines bazes, pentoz\u0117s cukr\u0173 ir fosfato grupes. Kiekviena detal\u0117 sukurta taip, kad gal\u0117t\u0173 b\u016bti sujungta tik teisingai \u2013 pavyzd\u017eiui, timinas susijungs tik su adeninu.<\/p>\n<p>Modelis gali b\u016bti surenkamas ant specialaus stovo arba be jo, taip pat \u201ei\u0161vyniojamas\u201c ir \u201ei\u0161skleid\u017eiamas\u201c, kad parodyt\u0173 dvi atskiras grandines. Kiekviename rinkinyje yra visos reikalingos dalys: stovas, atraminis strypas ir lengvai suprantamos instrukcijos. Puikiai tinka mokykloms, biologijos pamokoms ar savaranki\u0161kam mokymuisi.<\/p>\n","protected":false},"excerpt":{"rendered":"<p>Mokomasis DNR modelis su spalvotais elementais, vaizduojantis dvigubos spiral\u0117s strukt\u016br\u0105.<\/p>\n","protected":false},"featured_media":7165,"comment_status":"open","ping_status":"closed","template":"","meta":{"_acf_changed":false},"product_brand":[305],"product_cat":[281],"product_tag":[],"class_list":{"0":"post-7164","1":"product","2":"type-product","3":"status-publish","4":"has-post-thumbnail","6":"product_brand-findel","7":"product_cat-genetika","9":"first","10":"instock","11":"taxable","12":"shipping-taxable","13":"purchasable","14":"product-type-simple"},"acf":[],"_links":{"self":[{"href":"https:\/\/gridamokykloms.lt\/en\/wp-json\/wp\/v2\/product\/7164","targetHints":{"allow":["GET"]}}],"collection":[{"href":"https:\/\/gridamokykloms.lt\/en\/wp-json\/wp\/v2\/product"}],"about":[{"href":"https:\/\/gridamokykloms.lt\/en\/wp-json\/wp\/v2\/types\/product"}],"replies":[{"embeddable":true,"href":"https:\/\/gridamokykloms.lt\/en\/wp-json\/wp\/v2\/comments?post=7164"}],"wp:featuredmedia":[{"embeddable":true,"href":"https:\/\/gridamokykloms.lt\/en\/wp-json\/wp\/v2\/media\/7165"}],"wp:attachment":[{"href":"https:\/\/gridamokykloms.lt\/en\/wp-json\/wp\/v2\/media?parent=7164"}],"wp:term":[{"taxonomy":"product_brand","embeddable":true,"href":"https:\/\/gridamokykloms.lt\/en\/wp-json\/wp\/v2\/product_brand?post=7164"},{"taxonomy":"product_cat","embeddable":true,"href":"https:\/\/gridamokykloms.lt\/en\/wp-json\/wp\/v2\/product_cat?post=7164"},{"taxonomy":"product_tag","embeddable":true,"href":"https:\/\/gridamokykloms.lt\/en\/wp-json\/wp\/v2\/product_tag?post=7164"}],"curies":[{"name":"wp","href":"https:\/\/api.w.org\/{rel}","templated":true}]}}