{"id":7167,"date":"2025-08-05T13:47:01","date_gmt":"2025-08-05T13:47:01","guid":{"rendered":"https:\/\/gridamokykloms.lt\/produktas\/edvotek-dnr-elektroforezes-irangos-rinkinys-klasei\/"},"modified":"2025-08-05T13:47:01","modified_gmt":"2025-08-05T13:47:01","slug":"edvotek-dnr-elektroforezes-irangos-rinkinys-klasei","status":"publish","type":"product","link":"https:\/\/gridamokykloms.lt\/en\/produktas\/edvotek-dnr-elektroforezes-irangos-rinkinys-klasei\/","title":{"rendered":"EDVOTEK DNR elektroforez\u0117s \u012frangos rinkinys klasei"},"content":{"rendered":"<p>M36 Complete\u2122 sistema leid\u017eia vienu metu vykdyti eksperimentus net \u0161e\u0161ioms mokini\u0173 grup\u0117ms. Modernus, ergonomi\u0161kas dizainas u\u017etikrina puikius rezultatus vos per 30\u201340 minu\u010di\u0173 ir turi gamintojo viso gyvenimo garantij\u0105.<\/p>\n<p>Rinkin\u012f sudaro visa reikalinga \u012franga horizontaliai elektroforezei:<\/p>\n<p>HexaGel elektroforez\u0117s kamera 6 geliams<br \/>\nDuoSource\u2122 150 maitinimo \u0161altinis (75\/150 V)<br \/>\n6 geli\u0173 pad\u0117klai su GelCaps dangteliais ir \u0161ukomis<br \/>\n6 x 40 ml mini pipet\u0117s su antgaliais<br \/>\nSvarbu: \u012f rinkin\u012f ne\u012feina reagentai<\/p>\n","protected":false},"excerpt":{"rendered":"<p>Pilnas DNR elektroforez\u0117s \u012frangos rinkinys.<\/p>\n","protected":false},"featured_media":7168,"comment_status":"open","ping_status":"closed","template":"","meta":{"_acf_changed":false},"product_brand":[305],"product_cat":[281],"product_tag":[],"class_list":{"0":"post-7167","1":"product","2":"type-product","3":"status-publish","4":"has-post-thumbnail","6":"product_brand-findel","7":"product_cat-genetika","9":"first","10":"instock","11":"taxable","12":"shipping-taxable","13":"purchasable","14":"product-type-simple"},"acf":[],"_links":{"self":[{"href":"https:\/\/gridamokykloms.lt\/en\/wp-json\/wp\/v2\/product\/7167","targetHints":{"allow":["GET"]}}],"collection":[{"href":"https:\/\/gridamokykloms.lt\/en\/wp-json\/wp\/v2\/product"}],"about":[{"href":"https:\/\/gridamokykloms.lt\/en\/wp-json\/wp\/v2\/types\/product"}],"replies":[{"embeddable":true,"href":"https:\/\/gridamokykloms.lt\/en\/wp-json\/wp\/v2\/comments?post=7167"}],"wp:featuredmedia":[{"embeddable":true,"href":"https:\/\/gridamokykloms.lt\/en\/wp-json\/wp\/v2\/media\/7168"}],"wp:attachment":[{"href":"https:\/\/gridamokykloms.lt\/en\/wp-json\/wp\/v2\/media?parent=7167"}],"wp:term":[{"taxonomy":"product_brand","embeddable":true,"href":"https:\/\/gridamokykloms.lt\/en\/wp-json\/wp\/v2\/product_brand?post=7167"},{"taxonomy":"product_cat","embeddable":true,"href":"https:\/\/gridamokykloms.lt\/en\/wp-json\/wp\/v2\/product_cat?post=7167"},{"taxonomy":"product_tag","embeddable":true,"href":"https:\/\/gridamokykloms.lt\/en\/wp-json\/wp\/v2\/product_tag?post=7167"}],"curies":[{"name":"wp","href":"https:\/\/api.w.org\/{rel}","templated":true}]}}