{"id":7169,"date":"2025-08-05T13:47:01","date_gmt":"2025-08-05T13:47:01","guid":{"rendered":"https:\/\/gridamokykloms.lt\/produktas\/flexview-skaitmeninis-usb-mikroskopas\/"},"modified":"2025-08-05T13:47:01","modified_gmt":"2025-08-05T13:47:01","slug":"flexview-skaitmeninis-usb-mikroskopas","status":"publish","type":"product","link":"https:\/\/gridamokykloms.lt\/en\/produktas\/flexview-skaitmeninis-usb-mikroskopas\/","title":{"rendered":"\u201eFlexview\u201c skaitmeninis USB mikroskopas"},"content":{"rendered":"<p>\u201eFlexview\u201c skaitmeninis USB mikroskopas \u2013 tai ekonomi\u0161ka ir patogi alternatyva standartiniams laboratoriniams mikroskopams, leid\u017eianti steb\u0117ti objektus tiesiogiai kompiuterio ekrane, fotografuoti, fiksuoti vaizdus ar atlikti laiko intervalu pagr\u012fst\u0105 steb\u0117jim\u0105. Mikroskopas prijungiamas prie kompiuterio per USB jungt\u012f ir yra suderinamas su \u201eWindows\u201c bei \u201eMac\u201c operacin\u0117mis sistemomis.<\/p>\n<p>Prietaisas turi lankst\u0173 laikikl\u012f su tinkleliu pa\u017eym\u0117ta steb\u0117jimo plok\u0161tele. Didinimas atliekamas priartinant mikroskopo galvut\u0119 prie objekto, o fokusavimas \u2013 sukant centrin\u0119 pilk\u0105 dal\u012f. Vaizdo fiksavim\u0105 galima atlikti tiek naudojant programin\u0119 \u012frang\u0105, tiek vir\u0161uje esan\u010diu jutikliniu mygtuku.<\/p>\n<p>Komplekte yra:<\/p>\n<p>Skaitmeninis mikroskopas su USB jungtimi<br \/>\nTinkleliu pa\u017eym\u0117ta steb\u0117jimo plok\u0161tel\u0117<br \/>\nLankstus \u201eFlex-View\u201c stovas su vakuumine tvirtinimo taurele<br \/>\nNaudotojui patogi programin\u0117 \u012franga<\/p>\n<p>Technin\u0117s specifikacijos:<br \/>\nDidinimas: 60\u00d7 ir 250\u00d7 (17 coli\u0173 monitoriuje)<br \/>\nFokusavimas: iki begalyb\u0117s<br \/>\nUXGA rai\u0161ka (1600 \u00d7 1200 ta\u0161k\u0173)<br \/>\nCMOS jutiklis<br \/>\nSuderinamas su \u201eWindows\u201c ir \u201eMac\u201c<\/p>\n<p>Puikiai tinka mokykloms, demonstracijoms ir edukaciniam naudojimui klas\u0117je ar namuose.<\/p>\n","protected":false},"excerpt":{"rendered":"<p>Skaitmeninis mikroskopas su USB jungtimi ir programine \u012franga vaizd\u0173 per\u017ei\u016brai, fotografavimui bei laiko interval\u0173 steb\u0117jimui.<\/p>\n","protected":false},"featured_media":7170,"comment_status":"open","ping_status":"closed","template":"","meta":{"_acf_changed":false},"product_brand":[305],"product_cat":[282],"product_tag":[],"class_list":{"0":"post-7169","1":"product","2":"type-product","3":"status-publish","4":"has-post-thumbnail","6":"product_brand-findel","7":"product_cat-mikroskopai","9":"first","10":"instock","11":"taxable","12":"shipping-taxable","13":"purchasable","14":"product-type-simple"},"acf":[],"_links":{"self":[{"href":"https:\/\/gridamokykloms.lt\/en\/wp-json\/wp\/v2\/product\/7169","targetHints":{"allow":["GET"]}}],"collection":[{"href":"https:\/\/gridamokykloms.lt\/en\/wp-json\/wp\/v2\/product"}],"about":[{"href":"https:\/\/gridamokykloms.lt\/en\/wp-json\/wp\/v2\/types\/product"}],"replies":[{"embeddable":true,"href":"https:\/\/gridamokykloms.lt\/en\/wp-json\/wp\/v2\/comments?post=7169"}],"wp:featuredmedia":[{"embeddable":true,"href":"https:\/\/gridamokykloms.lt\/en\/wp-json\/wp\/v2\/media\/7170"}],"wp:attachment":[{"href":"https:\/\/gridamokykloms.lt\/en\/wp-json\/wp\/v2\/media?parent=7169"}],"wp:term":[{"taxonomy":"product_brand","embeddable":true,"href":"https:\/\/gridamokykloms.lt\/en\/wp-json\/wp\/v2\/product_brand?post=7169"},{"taxonomy":"product_cat","embeddable":true,"href":"https:\/\/gridamokykloms.lt\/en\/wp-json\/wp\/v2\/product_cat?post=7169"},{"taxonomy":"product_tag","embeddable":true,"href":"https:\/\/gridamokykloms.lt\/en\/wp-json\/wp\/v2\/product_tag?post=7169"}],"curies":[{"name":"wp","href":"https:\/\/api.w.org\/{rel}","templated":true}]}}