{"id":7171,"date":"2025-08-05T13:47:01","date_gmt":"2025-08-05T13:47:01","guid":{"rendered":"https:\/\/gridamokykloms.lt\/produktas\/funkciju-smegenu-modelis\/"},"modified":"2025-08-05T13:47:01","modified_gmt":"2025-08-05T13:47:01","slug":"funkciju-smegenu-modelis","status":"publish","type":"product","link":"https:\/\/gridamokykloms.lt\/en\/produktas\/funkciju-smegenu-modelis\/","title":{"rendered":"Funkcij\u0173 smegen\u0173 modelis"},"content":{"rendered":"<p>Auk\u0161tos kokyb\u0117s anatominis \u017emogaus smegen\u0173 modelis, atkuriantis funkcines smegen\u0173 sritis su i\u0161skirtiniu tikrovi\u0161kumu ir detaliu spalviniu \u017eym\u0117jimu. Modelis leid\u017eia ai\u0161kiai suprasti, kurios smegen\u0173 \u017eiev\u0117s sritys atsakingos u\u017e tam tikras funkcijas, pavyzd\u017eiui, sensorini\u0173 organ\u0173, griau\u010di\u0173 raumen\u0173, odos ar s\u0105nari\u0173 siun\u010diam\u0173 impuls\u0173 interpretavim\u0105.<br \/>\nModelis pagamintas i\u0161 patvaraus, plaunamo plastizolio polimero, kuris atsparus ilgam naudojimui. Tikrovi\u0161ka tekst\u016bra ir rankomis da\u017eytos detal\u0117s padaro \u0161\u012f model\u012f idealiu edukaciniam naudojimui bei pacient\u0173 konsultacijoms. Modelio dydis sudaro 50 % nat\u016bralaus suaugusio \u017emogaus smegen\u0173 dyd\u017eio.<\/p>\n","protected":false},"excerpt":{"rendered":"<p>Anatominis \u017emogaus smegen\u0173 modelis, spalvotas ir detalus, skirtas mokymuisi apie smegen\u0173 funkcines sritis.<\/p>\n","protected":false},"featured_media":7172,"comment_status":"open","ping_status":"closed","template":"","meta":{"_acf_changed":false},"product_brand":[305],"product_cat":[283],"product_tag":[],"class_list":{"0":"post-7171","1":"product","2":"type-product","3":"status-publish","4":"has-post-thumbnail","6":"product_brand-findel","7":"product_cat-modeliai","9":"first","10":"instock","11":"taxable","12":"shipping-taxable","13":"purchasable","14":"product-type-simple"},"acf":[],"_links":{"self":[{"href":"https:\/\/gridamokykloms.lt\/en\/wp-json\/wp\/v2\/product\/7171","targetHints":{"allow":["GET"]}}],"collection":[{"href":"https:\/\/gridamokykloms.lt\/en\/wp-json\/wp\/v2\/product"}],"about":[{"href":"https:\/\/gridamokykloms.lt\/en\/wp-json\/wp\/v2\/types\/product"}],"replies":[{"embeddable":true,"href":"https:\/\/gridamokykloms.lt\/en\/wp-json\/wp\/v2\/comments?post=7171"}],"wp:featuredmedia":[{"embeddable":true,"href":"https:\/\/gridamokykloms.lt\/en\/wp-json\/wp\/v2\/media\/7172"}],"wp:attachment":[{"href":"https:\/\/gridamokykloms.lt\/en\/wp-json\/wp\/v2\/media?parent=7171"}],"wp:term":[{"taxonomy":"product_brand","embeddable":true,"href":"https:\/\/gridamokykloms.lt\/en\/wp-json\/wp\/v2\/product_brand?post=7171"},{"taxonomy":"product_cat","embeddable":true,"href":"https:\/\/gridamokykloms.lt\/en\/wp-json\/wp\/v2\/product_cat?post=7171"},{"taxonomy":"product_tag","embeddable":true,"href":"https:\/\/gridamokykloms.lt\/en\/wp-json\/wp\/v2\/product_tag?post=7171"}],"curies":[{"name":"wp","href":"https:\/\/api.w.org\/{rel}","templated":true}]}}