{"id":7173,"date":"2025-08-05T13:47:01","date_gmt":"2025-08-05T13:47:01","guid":{"rendered":"https:\/\/gridamokykloms.lt\/produktas\/dnr-rnr-modelis\/"},"modified":"2025-08-05T13:47:01","modified_gmt":"2025-08-05T13:47:01","slug":"dnr-rnr-modelis","status":"publish","type":"product","link":"https:\/\/gridamokykloms.lt\/en\/produktas\/dnr-rnr-modelis\/","title":{"rendered":"DNR\u2013RNR modelis"},"content":{"rendered":"<p>\u201eOrbit\u201c molekulinis modelis padeda vizualiai suprasti DNR\u2013RNR transkripcijos proces\u0105. Modelis vaizduoja 12 bazini\u0173 por\u0173 \u2013 kiekviena baz\u0117 (guaninas, citozinas, timinas, adeninas ir uracilas) pa\u017eym\u0117ta skirtinga spalva, o cukraus \u017eiedai, fosfat\u0173 grup\u0117s ir vandeniliniai ry\u0161iai atvaizduoti juoda, raudona ir balta spalvomis. Rinkinyje esan\u010di\u0173 bazi\u0173 pakanka pavaizduoti vien\u0105 DNR dvigubos spiral\u0117s apsisukim\u0105.<br \/>\nDNR grandines galima sujungti ir i\u0161ardyti. Modelio auk\u0161tis \u2013 50 cm.<\/p>\n<p>\u0160is rinkinys lengvai naudojamas, patvarus ir itin vertingas mokykloms bei mokslininkams.<\/p>\n","protected":false},"excerpt":{"rendered":"<p>Modelis, padedantis suprasti DNR ir RNR transkripcijos proces\u0105 per spalvot\u0105 ir lengvai i\u0161ardom\u0105 strukt\u016br\u0105.<\/p>\n","protected":false},"featured_media":7174,"comment_status":"open","ping_status":"closed","template":"","meta":{"_acf_changed":false},"product_brand":[305],"product_cat":[281],"product_tag":[],"class_list":{"0":"post-7173","1":"product","2":"type-product","3":"status-publish","4":"has-post-thumbnail","6":"product_brand-findel","7":"product_cat-genetika","9":"first","10":"instock","11":"taxable","12":"shipping-taxable","13":"purchasable","14":"product-type-simple"},"acf":[],"_links":{"self":[{"href":"https:\/\/gridamokykloms.lt\/en\/wp-json\/wp\/v2\/product\/7173","targetHints":{"allow":["GET"]}}],"collection":[{"href":"https:\/\/gridamokykloms.lt\/en\/wp-json\/wp\/v2\/product"}],"about":[{"href":"https:\/\/gridamokykloms.lt\/en\/wp-json\/wp\/v2\/types\/product"}],"replies":[{"embeddable":true,"href":"https:\/\/gridamokykloms.lt\/en\/wp-json\/wp\/v2\/comments?post=7173"}],"wp:featuredmedia":[{"embeddable":true,"href":"https:\/\/gridamokykloms.lt\/en\/wp-json\/wp\/v2\/media\/7174"}],"wp:attachment":[{"href":"https:\/\/gridamokykloms.lt\/en\/wp-json\/wp\/v2\/media?parent=7173"}],"wp:term":[{"taxonomy":"product_brand","embeddable":true,"href":"https:\/\/gridamokykloms.lt\/en\/wp-json\/wp\/v2\/product_brand?post=7173"},{"taxonomy":"product_cat","embeddable":true,"href":"https:\/\/gridamokykloms.lt\/en\/wp-json\/wp\/v2\/product_cat?post=7173"},{"taxonomy":"product_tag","embeddable":true,"href":"https:\/\/gridamokykloms.lt\/en\/wp-json\/wp\/v2\/product_tag?post=7173"}],"curies":[{"name":"wp","href":"https:\/\/api.w.org\/{rel}","templated":true}]}}