{"id":7175,"date":"2025-08-05T13:47:00","date_gmt":"2025-08-05T13:47:00","guid":{"rendered":"https:\/\/gridamokykloms.lt\/produktas\/zmogaus-torsas-vyriskas-ir-moteriskas\/"},"modified":"2025-08-05T13:47:00","modified_gmt":"2025-08-05T13:47:00","slug":"zmogaus-torsas-vyriskas-ir-moteriskas","status":"publish","type":"product","link":"https:\/\/gridamokykloms.lt\/en\/produktas\/zmogaus-torsas-vyriskas-ir-moteriskas\/","title":{"rendered":"\u017dmogaus torsas \u2013 vyri\u0161kas ir moteri\u0161kas"},"content":{"rendered":"<p>Nat\u016bralaus dyd\u017eio \u017emogaus torsas, sudarytas i\u0161 23 nuimam\u0173 dali\u0173. Visos detal\u0117s ir spalvos pagamintos i\u0161 auk\u0161tos kokyb\u0117s plastiko ir kruop\u0161\u010diai atkartotos. Modelis apima tiek vyri\u0161kus, tiek moteri\u0161kus lytinius organus.<br \/>\nAuk\u0161tis: 85 cm.<\/p>\n","protected":false},"excerpt":{"rendered":"<p>Nat\u016bralaus dyd\u017eio \u017emogaus torsas, sudarytas i\u0161 23 nuimam\u0173 dali\u0173.<\/p>\n","protected":false},"featured_media":7176,"comment_status":"open","ping_status":"closed","template":"","meta":{"_acf_changed":false},"product_brand":[306],"product_cat":[274],"product_tag":[],"class_list":{"0":"post-7175","1":"product","2":"type-product","3":"status-publish","4":"has-post-thumbnail","6":"product_brand-optika-science","7":"product_cat-biologija","9":"first","10":"instock","11":"taxable","12":"shipping-taxable","13":"purchasable","14":"product-type-simple"},"acf":[],"_links":{"self":[{"href":"https:\/\/gridamokykloms.lt\/en\/wp-json\/wp\/v2\/product\/7175","targetHints":{"allow":["GET"]}}],"collection":[{"href":"https:\/\/gridamokykloms.lt\/en\/wp-json\/wp\/v2\/product"}],"about":[{"href":"https:\/\/gridamokykloms.lt\/en\/wp-json\/wp\/v2\/types\/product"}],"replies":[{"embeddable":true,"href":"https:\/\/gridamokykloms.lt\/en\/wp-json\/wp\/v2\/comments?post=7175"}],"wp:featuredmedia":[{"embeddable":true,"href":"https:\/\/gridamokykloms.lt\/en\/wp-json\/wp\/v2\/media\/7176"}],"wp:attachment":[{"href":"https:\/\/gridamokykloms.lt\/en\/wp-json\/wp\/v2\/media?parent=7175"}],"wp:term":[{"taxonomy":"product_brand","embeddable":true,"href":"https:\/\/gridamokykloms.lt\/en\/wp-json\/wp\/v2\/product_brand?post=7175"},{"taxonomy":"product_cat","embeddable":true,"href":"https:\/\/gridamokykloms.lt\/en\/wp-json\/wp\/v2\/product_cat?post=7175"},{"taxonomy":"product_tag","embeddable":true,"href":"https:\/\/gridamokykloms.lt\/en\/wp-json\/wp\/v2\/product_tag?post=7175"}],"curies":[{"name":"wp","href":"https:\/\/api.w.org\/{rel}","templated":true}]}}