{"id":7177,"date":"2025-08-05T13:47:00","date_gmt":"2025-08-05T13:47:00","guid":{"rendered":"https:\/\/gridamokykloms.lt\/produktas\/akies-modelis\/"},"modified":"2025-08-05T13:47:00","modified_gmt":"2025-08-05T13:47:00","slug":"akies-modelis","status":"publish","type":"product","link":"https:\/\/gridamokykloms.lt\/en\/produktas\/akies-modelis\/","title":{"rendered":"Akies modelis"},"content":{"rendered":"<p>Padidintas 6 kartus akies modelis, sudarytas i\u0161 6 nuimam\u0173 dali\u0173:<br \/>\nodena su ragena ir raumen\u0173 tvirtinimo vietomis,<br \/>\nkraujagyslinis dangalas su tinklaine ir rainel\u0117,<br \/>\nstiklak\u016bnis,<br \/>\nl\u0119\u0161iukas.<\/p>\n<p>Modelis sumontuotas ant sta\u010diakampio plastikinio stovo.<\/p>\n","protected":false},"excerpt":{"rendered":"<p>Padidintas 6 kartus akies modelis.<\/p>\n","protected":false},"featured_media":7178,"comment_status":"open","ping_status":"closed","template":"","meta":{"_acf_changed":false},"product_brand":[306],"product_cat":[274],"product_tag":[],"class_list":{"0":"post-7177","1":"product","2":"type-product","3":"status-publish","4":"has-post-thumbnail","6":"product_brand-optika-science","7":"product_cat-biologija","9":"first","10":"instock","11":"taxable","12":"shipping-taxable","13":"purchasable","14":"product-type-simple"},"acf":[],"_links":{"self":[{"href":"https:\/\/gridamokykloms.lt\/en\/wp-json\/wp\/v2\/product\/7177","targetHints":{"allow":["GET"]}}],"collection":[{"href":"https:\/\/gridamokykloms.lt\/en\/wp-json\/wp\/v2\/product"}],"about":[{"href":"https:\/\/gridamokykloms.lt\/en\/wp-json\/wp\/v2\/types\/product"}],"replies":[{"embeddable":true,"href":"https:\/\/gridamokykloms.lt\/en\/wp-json\/wp\/v2\/comments?post=7177"}],"wp:featuredmedia":[{"embeddable":true,"href":"https:\/\/gridamokykloms.lt\/en\/wp-json\/wp\/v2\/media\/7178"}],"wp:attachment":[{"href":"https:\/\/gridamokykloms.lt\/en\/wp-json\/wp\/v2\/media?parent=7177"}],"wp:term":[{"taxonomy":"product_brand","embeddable":true,"href":"https:\/\/gridamokykloms.lt\/en\/wp-json\/wp\/v2\/product_brand?post=7177"},{"taxonomy":"product_cat","embeddable":true,"href":"https:\/\/gridamokykloms.lt\/en\/wp-json\/wp\/v2\/product_cat?post=7177"},{"taxonomy":"product_tag","embeddable":true,"href":"https:\/\/gridamokykloms.lt\/en\/wp-json\/wp\/v2\/product_tag?post=7177"}],"curies":[{"name":"wp","href":"https:\/\/api.w.org\/{rel}","templated":true}]}}