{"id":7179,"date":"2025-08-05T13:47:01","date_gmt":"2025-08-05T13:47:01","guid":{"rendered":"https:\/\/gridamokykloms.lt\/produktas\/orbitos-modelis\/"},"modified":"2025-08-05T13:47:01","modified_gmt":"2025-08-05T13:47:01","slug":"orbitos-modelis","status":"publish","type":"product","link":"https:\/\/gridamokykloms.lt\/en\/produktas\/orbitos-modelis\/","title":{"rendered":"Orbitos modelis"},"content":{"rendered":"<p>Modelis leid\u017eia pademonstruoti dienos ir nakties kait\u0105, met\u0173 laik\u0173 susidarym\u0105, M\u0117nulio fazes bei u\u017etemimus. Tai puiki mokymo priemon\u0117 astronomijos pagrindams ai\u0161kinti.<br \/>\nNaudojamos 2 AA tipo baterijos (nepridedamos), reikalingos Saul\u0117s ap\u0161vietimui<br \/>\nBendras ilgis: 41 cm<\/p>\n","protected":false},"excerpt":{"rendered":"<p>Rankinis orbitinis modelis astronomijos pagrindams ai\u0161kinti.<\/p>\n","protected":false},"featured_media":7180,"comment_status":"open","ping_status":"closed","template":"","meta":{"_acf_changed":false},"product_brand":[306],"product_cat":[276],"product_tag":[],"class_list":{"0":"post-7179","1":"product","2":"type-product","3":"status-publish","4":"has-post-thumbnail","6":"product_brand-optika-science","7":"product_cat-astronomija-ir-zemes-mokslai","9":"first","10":"instock","11":"taxable","12":"shipping-taxable","13":"purchasable","14":"product-type-simple"},"acf":[],"_links":{"self":[{"href":"https:\/\/gridamokykloms.lt\/en\/wp-json\/wp\/v2\/product\/7179","targetHints":{"allow":["GET"]}}],"collection":[{"href":"https:\/\/gridamokykloms.lt\/en\/wp-json\/wp\/v2\/product"}],"about":[{"href":"https:\/\/gridamokykloms.lt\/en\/wp-json\/wp\/v2\/types\/product"}],"replies":[{"embeddable":true,"href":"https:\/\/gridamokykloms.lt\/en\/wp-json\/wp\/v2\/comments?post=7179"}],"wp:featuredmedia":[{"embeddable":true,"href":"https:\/\/gridamokykloms.lt\/en\/wp-json\/wp\/v2\/media\/7180"}],"wp:attachment":[{"href":"https:\/\/gridamokykloms.lt\/en\/wp-json\/wp\/v2\/media?parent=7179"}],"wp:term":[{"taxonomy":"product_brand","embeddable":true,"href":"https:\/\/gridamokykloms.lt\/en\/wp-json\/wp\/v2\/product_brand?post=7179"},{"taxonomy":"product_cat","embeddable":true,"href":"https:\/\/gridamokykloms.lt\/en\/wp-json\/wp\/v2\/product_cat?post=7179"},{"taxonomy":"product_tag","embeddable":true,"href":"https:\/\/gridamokykloms.lt\/en\/wp-json\/wp\/v2\/product_tag?post=7179"}],"curies":[{"name":"wp","href":"https:\/\/api.w.org\/{rel}","templated":true}]}}